{"id":12734,"date":"2021-01-05T00:19:36","date_gmt":"2021-01-05T00:19:36","guid":{"rendered":"https:\/\/jhuesa.com\/tecnologias\/desodorizacion"},"modified":"2021-03-15T17:39:08","modified_gmt":"2021-03-15T17:39:08","slug":"desodorizacao","status":"publish","type":"page","link":"https:\/\/jhuesa.com\/pt-pt\/tecnologias\/desodorizacao","title":{"rendered":"Desodoriza\u00e7\u00e3o"},"content":{"rendered":"[vc_row type=&#8221;full_width_background&#8221; full_screen_row_position=&#8221;middle&#8221; column_margin=&#8221;default&#8221; column_direction=&#8221;default&#8221; column_direction_tablet=&#8221;default&#8221; column_direction_phone=&#8221;default&#8221; bg_color=&#8221;#0971ce&#8221; scene_position=&#8221;center&#8221; top_padding=&#8221;7%&#8221; bottom_padding=&#8221;3%&#8221; text_color=&#8221;light&#8221; text_align=&#8221;left&#8221; row_border_radius=&#8221;none&#8221; row_border_radius_applies=&#8221;bg&#8221; id=&#8221;culture&#8221; enable_gradient=&#8221;true&#8221; color_overlay=&#8221;#0a0a0a&#8221; color_overlay_2=&#8221;rgba(10,10,10,0.8)&#8221; overlay_strength=&#8221;0.5&#8243; gradient_direction=&#8221;top_to_bottom&#8221; shape_divider_position=&#8221;bottom&#8221; bg_image_animation=&#8221;zoom-out-slow&#8221; shape_type=&#8221;&#8221;][vc_column column_padding=&#8221;no-extra-padding&#8221; column_padding_tablet=&#8221;inherit&#8221; column_padding_phone=&#8221;inherit&#8221; column_padding_position=&#8221;top&#8221; background_color_opacity=&#8221;1&#8243; background_hover_color_opacity=&#8221;1&#8243; column_shadow=&#8221;none&#8221; column_border_radius=&#8221;none&#8221; column_link_target=&#8221;_self&#8221; gradient_direction=&#8221;left_to_right&#8221; overlay_strength=&#8221;0.3&#8243; width=&#8221;1\/1&#8243; tablet_width_inherit=&#8221;default&#8221; tablet_text_alignment=&#8221;default&#8221; phone_text_alignment=&#8221;default&#8221; column_border_width=&#8221;none&#8221; column_border_style=&#8221;solid&#8221; bg_image_animation=&#8221;none&#8221;][divider line_type=&#8221;No Line&#8221; custom_height=&#8221;100&#8243; custom_height_phone=&#8221;10&#8243;][vc_custom_heading text=&#8221;Tecnologias&#8221; font_container=&#8221;tag:p|font_size:20|text_align:right|color:%2379a7ce&#8221; use_theme_fonts=&#8221;yes&#8221; css=&#8221;.vc_custom_1615829666189{margin-bottom: -20px !important;}&#8221;][vc_custom_heading text=&#8221;DESODORIZA\u00c7\u00c3O&#8221; font_container=&#8221;tag:h1|font_size:34|text_align:right|color:%23ffffff&#8221; use_theme_fonts=&#8221;yes&#8221;][\/vc_column][\/vc_row][vc_row type=&#8221;full_width_background&#8221; full_screen_row_position=&#8221;middle&#8221; column_margin=&#8221;50px&#8221; equal_height=&#8221;yes&#8221; content_placement=&#8221;middle&#8221; column_direction=&#8221;default&#8221; column_direction_tablet=&#8221;default&#8221; column_direction_phone=&#8221;default&#8221; bg_color=&#8221;#ffffff&#8221; scene_position=&#8221;center&#8221; constrain_group_1=&#8221;yes&#8221; top_padding_tablet=&#8221;8%&#8221; bottom_padding_tablet=&#8221;8%&#8221; text_color=&#8221;dark&#8221; text_align=&#8221;left&#8221; row_border_radius=&#8221;none&#8221; row_border_radius_applies=&#8221;bg&#8221; id=&#8221;home&#8221; overlay_strength=&#8221;0.5&#8243; gradient_direction=&#8221;top_to_bottom&#8221; shape_divider_position=&#8221;bottom&#8221; bg_image_animation=&#8221;none&#8221; shape_type=&#8221;straight_section&#8221;][vc_column column_padding=&#8221;padding-2-percent&#8221; column_padding_tablet=&#8221;no-extra-padding&#8221; column_padding_phone=&#8221;no-extra-padding&#8221; column_padding_position=&#8221;right&#8221; background_color_opacity=&#8221;1&#8243; background_hover_color_opacity=&#8221;1&#8243; column_shadow=&#8221;none&#8221; column_border_radius=&#8221;none&#8221; column_link_target=&#8221;_self&#8221; zindex=&#8221;100&#8243; gradient_direction=&#8221;left_t_to_right_b&#8221; overlay_strength=&#8221;0.3&#8243; width=&#8221;2\/3&#8243; tablet_width_inherit=&#8221;default&#8221; tablet_text_alignment=&#8221;default&#8221; phone_text_alignment=&#8221;default&#8221; column_border_width=&#8221;none&#8221; column_border_style=&#8221;solid&#8221; bg_image_animation=&#8221;none&#8221; offset=&#8221;vc_col-xs-12&#8243;][vc_row_inner column_margin=&#8221;default&#8221; column_direction=&#8221;default&#8221; column_direction_tablet=&#8221;default&#8221; column_direction_phone=&#8221;default&#8221; text_align=&#8221;left&#8221; min_width=&#8221;47vh&#8221;][vc_column_inner column_padding=&#8221;no-extra-padding&#8221; column_padding_tablet=&#8221;inherit&#8221; column_padding_phone=&#8221;inherit&#8221; column_padding_position=&#8221;all&#8221; background_color_opacity=&#8221;1&#8243; background_hover_color_opacity=&#8221;1&#8243; column_shadow=&#8221;none&#8221; column_border_radius=&#8221;none&#8221; column_link_target=&#8221;_self&#8221; gradient_direction=&#8221;left_to_right&#8221; overlay_strength=&#8221;0.3&#8243; width=&#8221;1\/1&#8243; tablet_width_inherit=&#8221;default&#8221; column_border_width=&#8221;none&#8221; column_border_style=&#8221;solid&#8221; enable_border_animation=&#8221;true&#8221; bg_image_animation=&#8221;none&#8221; enable_animation=&#8221;true&#8221; animation=&#8221;fade-in-from-bottom&#8221;][divider line_type=&#8221;No Line&#8221; custom_height=&#8221;50&#8243; custom_height_phone=&#8221;20&#8243;][vc_column_text css_animation=&#8221;fadeInDownBig&#8221;]A emiss\u00e3o de maus odores na ind\u00fastria pode ser associada quer ao processo de produ\u00e7\u00e3o da ind\u00fastria, como por exemplo na ind\u00fastria do papel e na produ\u00e7\u00e3o de petr\u00f3leo e g\u00e1s, mas tamb\u00e9m pode ser devida ao tratamento de \u00e1guas residuais (devido \u00e0s rea\u00e7\u00f5es que ocorrem nos diferentes tipos de tratamento que s\u00e3o aplicados).<\/p>\n<p>Qualquer que seja a origem dos maus cheiros, \u00e9 necess\u00e1rio elimin\u00e1-los ou desodoriz\u00e1-los a fim de cumprir a legisla\u00e7\u00e3o ambiental e minimizar o impacto ambiental.<\/p>\n<p>Podem ser aplicados diferentes tratamentos para a desodoriza\u00e7\u00e3o, os mais comumente utilizados:<\/p>\n[\/vc_column_text]<div class=\"nectar-fancy-ul\" data-list-icon=\"steadysets-icon-arrow-right\" data-animation=\"true\" data-animation-delay=\"300\" data-color=\"accent-color\" data-spacing=\"default\" data-alignment=\"left\"> \n<ul>\n<li>Desodoriza\u00e7\u00e3o por lavagem qu\u00edmica: a neutraliza\u00e7\u00e3o dos materiais presentes no ar realiza-se em torres de rea\u00e7\u00e3o qu\u00edmica atrav\u00e9s da adi\u00e7\u00e3o de reagentes que neutralizam diferentes odores.<\/li>\n<li>Desodoriza\u00e7\u00e3o por carv\u00e3o ativado: este processo baseia-se no fen\u00f3meno de adsor\u00e7\u00e3o, de modo a que o fluxo de ar passe por uma torre de carv\u00e3o ativado na qual os poluentes s\u00e3o retidos e \u00e9 obtido ar limpo.<\/li>\n<li>Desodoriza\u00e7\u00e3o biol\u00f3gica: atrav\u00e9s da utiliza\u00e7\u00e3o de biofiltros (contendo uma popula\u00e7\u00e3o bacteriana espec\u00edfica, dependendo do caso), atrav\u00e9s dos quais se passa a corrente de ar para a desodoriza\u00e7\u00e3o.<\/li>\n<\/ul>\n <\/div>[\/vc_column_inner][\/vc_row_inner][\/vc_column][vc_column column_padding=&#8221;no-extra-padding&#8221; column_padding_tablet=&#8221;inherit&#8221; column_padding_phone=&#8221;inherit&#8221; column_padding_position=&#8221;all&#8221; background_color_opacity=&#8221;1&#8243; background_hover_color_opacity=&#8221;1&#8243; column_shadow=&#8221;none&#8221; column_border_radius=&#8221;none&#8221; column_link_target=&#8221;_self&#8221; gradient_direction=&#8221;left_to_right&#8221; overlay_strength=&#8221;0.5&#8243; width=&#8221;1\/3&#8243; tablet_width_inherit=&#8221;default&#8221; tablet_text_alignment=&#8221;default&#8221; phone_text_alignment=&#8221;default&#8221; column_border_width=&#8221;none&#8221; column_border_style=&#8221;solid&#8221; bg_image_animation=&#8221;none&#8221; offset=&#8221;vc_col-xs-12&#8243;][vc_row_inner column_margin=&#8221;default&#8221; column_direction=&#8221;default&#8221; column_direction_tablet=&#8221;default&#8221; column_direction_phone=&#8221;default&#8221; text_align=&#8221;left&#8221; min_width_desktop=&#8221;43vw&#8221; min_width_tablet=&#8221;50vw&#8221; min_width_phone=&#8221;50vw&#8221;][vc_column_inner column_padding=&#8221;no-extra-padding&#8221; column_padding_tablet=&#8221;inherit&#8221; column_padding_phone=&#8221;inherit&#8221; column_padding_position=&#8221;all&#8221; background_color_opacity=&#8221;1&#8243; background_hover_color_opacity=&#8221;1&#8243; background_image=&#8221;7367&#8243; background_image_position=&#8221;center center&#8221; enable_bg_scale=&#8221;true&#8221; column_shadow=&#8221;none&#8221; column_border_radius=&#8221;none&#8221; column_link_target=&#8221;_self&#8221; gradient_direction=&#8221;left_to_right&#8221; overlay_strength=&#8221;0.5&#8243; width=&#8221;1\/1&#8243; tablet_width_inherit=&#8221;default&#8221; column_border_width=&#8221;none&#8221; column_border_style=&#8221;solid&#8221; bg_image_animation=&#8221;ro-reveal-from-right&#8221;][divider line_type=&#8221;No Line&#8221; custom_height=&#8221;60vh&#8221; custom_height_tablet=&#8221;40vh&#8221; custom_height_phone=&#8221;300px&#8221;][\/vc_column_inner][vc_column_inner column_padding=&#8221;no-extra-padding&#8221; column_padding_tablet=&#8221;inherit&#8221; column_padding_phone=&#8221;inherit&#8221; column_padding_position=&#8221;all&#8221; background_color_opacity=&#8221;1&#8243; background_hover_color_opacity=&#8221;1&#8243; column_shadow=&#8221;none&#8221; column_border_radius=&#8221;none&#8221; column_link_target=&#8221;_self&#8221; gradient_direction=&#8221;left_to_right&#8221; overlay_strength=&#8221;0.3&#8243; width=&#8221;1\/1&#8243; tablet_width_inherit=&#8221;default&#8221; column_border_width=&#8221;none&#8221; column_border_style=&#8221;solid&#8221; bg_image_animation=&#8221;none&#8221;][\/vc_column_inner][\/vc_row_inner][\/vc_column][\/vc_row][vc_row type=&#8221;full_width_background&#8221; full_screen_row_position=&#8221;middle&#8221; column_margin=&#8221;default&#8221; column_direction=&#8221;default&#8221; column_direction_tablet=&#8221;default&#8221; column_direction_phone=&#8221;default&#8221; bg_color=&#8221;#114984&#8243; scene_position=&#8221;center&#8221; top_padding=&#8221;4%&#8221; bottom_padding=&#8221;1%&#8221; text_color=&#8221;dark&#8221; text_align=&#8221;left&#8221; row_border_radius=&#8221;none&#8221; row_border_radius_applies=&#8221;bg&#8221; overlay_strength=&#8221;1&#8243; gradient_direction=&#8221;left_to_right&#8221; shape_divider_position=&#8221;bottom&#8221; bg_image_animation=&#8221;none&#8221; shape_type=&#8221;&#8221;][vc_column column_padding=&#8221;no-extra-padding&#8221; column_padding_tablet=&#8221;inherit&#8221; column_padding_phone=&#8221;inherit&#8221; column_padding_position=&#8221;all&#8221; background_color_opacity=&#8221;1&#8243; background_hover_color_opacity=&#8221;1&#8243; column_shadow=&#8221;none&#8221; column_border_radius=&#8221;none&#8221; column_link_target=&#8221;_self&#8221; gradient_direction=&#8221;left_to_right&#8221; overlay_strength=&#8221;0.3&#8243; width=&#8221;1\/1&#8243; tablet_width_inherit=&#8221;default&#8221; tablet_text_alignment=&#8221;default&#8221; phone_text_alignment=&#8221;default&#8221; column_border_width=&#8221;none&#8221; column_border_style=&#8221;solid&#8221; bg_image_animation=&#8221;none&#8221; enable_animation=&#8221;true&#8221; animation=&#8221;fade-in-from-bottom&#8221;][vc_row_inner column_margin=&#8221;90px&#8221; column_direction=&#8221;default&#8221; column_direction_tablet=&#8221;default&#8221; column_direction_phone=&#8221;default&#8221; text_align=&#8221;left&#8221;][vc_column_inner column_padding=&#8221;padding-3-percent&#8221; column_padding_tablet=&#8221;inherit&#8221; column_padding_phone=&#8221;inherit&#8221; column_padding_position=&#8221;top-bottom&#8221; background_color_opacity=&#8221;1&#8243; background_hover_color_opacity=&#8221;1&#8243; column_shadow=&#8221;none&#8221; column_border_radius=&#8221;none&#8221; column_link_target=&#8221;_self&#8221; gradient_direction=&#8221;left_to_right&#8221; overlay_strength=&#8221;0.3&#8243; width=&#8221;1\/2&#8243; tablet_width_inherit=&#8221;default&#8221; column_border_width=&#8221;none&#8221; column_border_style=&#8221;solid&#8221; bg_image_animation=&#8221;none&#8221; enable_animation=&#8221;true&#8221; animation=&#8221;fade-in-from-bottom&#8221; delay=&#8221;100&#8243;]<div class=\"iwithtext\"><div class=\"iwt-icon\"> <i class=\"icon-default-style fa fa-cog accent-color\"><\/i> <\/div><div class=\"iwt-text\"> \n<h3><span style=\"color: #ffffff;\">APLICA\u00c7\u00d5ES<\/span><\/h3>\n <\/div><div class=\"clear\"><\/div><\/div>[divider line_type=&#8221;Full Width Line&#8221; line_thickness=&#8221;1&#8243; divider_color=&#8221;extra-color-2&#8243; animate=&#8221;yes&#8221; custom_height=&#8221;40&#8243;]<div class=\"nectar-fancy-ul\" data-list-icon=\"fa fa-check\" data-animation=\"true\" data-animation-delay=\"300\" data-color=\"extra-color-1\" data-spacing=\"default\" data-alignment=\"left\"> \n<ul>\n<li><span style=\"color: #ffffff;\">Para \u00e1gua de processo industrial<\/span><\/li>\n<li><span style=\"color: #ffffff;\">Tratamento de \u00e1guas residuais<\/span><\/li>\n<li><span style=\"color: #ffffff;\">Comum em edif\u00edcios e tanques que cont\u00eam e armazenam lamas provenientes do tratamento de esgotos ou \u00e1guas residuais<\/span><\/li>\n<\/ul>\n <\/div>[\/vc_column_inner][vc_column_inner column_padding=&#8221;padding-3-percent&#8221; column_padding_tablet=&#8221;inherit&#8221; column_padding_phone=&#8221;inherit&#8221; column_padding_position=&#8221;top-bottom&#8221; background_color_opacity=&#8221;1&#8243; background_hover_color_opacity=&#8221;1&#8243; column_shadow=&#8221;none&#8221; column_border_radius=&#8221;none&#8221; column_link_target=&#8221;_self&#8221; gradient_direction=&#8221;left_to_right&#8221; overlay_strength=&#8221;0.3&#8243; width=&#8221;1\/2&#8243; tablet_width_inherit=&#8221;default&#8221; column_border_width=&#8221;none&#8221; column_border_style=&#8221;solid&#8221; bg_image_animation=&#8221;none&#8221; enable_animation=&#8221;true&#8221; animation=&#8221;fade-in-from-bottom&#8221;][\/vc_column_inner][\/vc_row_inner][\/vc_column][\/vc_row][vc_row type=&#8221;in_container&#8221; full_screen_row_position=&#8221;middle&#8221; column_margin=&#8221;default&#8221; column_direction=&#8221;default&#8221; column_direction_tablet=&#8221;default&#8221; column_direction_phone=&#8221;default&#8221; scene_position=&#8221;center&#8221; text_color=&#8221;dark&#8221; text_align=&#8221;left&#8221; row_border_radius=&#8221;none&#8221; row_border_radius_applies=&#8221;bg&#8221; overlay_strength=&#8221;0.3&#8243; gradient_direction=&#8221;left_to_right&#8221; shape_divider_position=&#8221;bottom&#8221; bg_image_animation=&#8221;none&#8221;][vc_column column_padding=&#8221;no-extra-padding&#8221; column_padding_tablet=&#8221;inherit&#8221; column_padding_phone=&#8221;inherit&#8221; column_padding_position=&#8221;all&#8221; background_color_opacity=&#8221;1&#8243; background_hover_color_opacity=&#8221;1&#8243; column_shadow=&#8221;none&#8221; column_border_radius=&#8221;none&#8221; column_link_target=&#8221;_self&#8221; gradient_direction=&#8221;left_to_right&#8221; overlay_strength=&#8221;0.3&#8243; width=&#8221;1\/1&#8243; tablet_width_inherit=&#8221;default&#8221; tablet_text_alignment=&#8221;default&#8221; phone_text_alignment=&#8221;default&#8221; column_border_width=&#8221;none&#8221; column_border_style=&#8221;solid&#8221; bg_image_animation=&#8221;none&#8221;][vc_gallery type=&#8221;flickity_static_height_style&#8221; images=&#8221;7367,7368,7369&#8243; flickity_spacing=&#8221;default&#8221; flickity_controls=&#8221;pagination&#8221; flickity_overflow=&#8221;hidden&#8221; flickity_wrap_around=&#8221;wrap&#8221; flickity_autoplay=&#8221;true&#8221; flickity_box_shadow=&#8221;none&#8221; image_loading=&#8221;default&#8221; onclick=&#8221;link_image&#8221;][\/vc_column][\/vc_row]\n","protected":false},"excerpt":{"rendered":"<p>[vc_row type=&#8221;full_width_background&#8221; full_screen_row_position=&#8221;middle&#8221; column_margin=&#8221;default&#8221; column_direction=&#8221;default&#8221; column_direction_tablet=&#8221;default&#8221; column_direction_phone=&#8221;default&#8221; bg_color=&#8221;#0971ce&#8221; scene_position=&#8221;center&#8221; top_padding=&#8221;7%&#8221; bottom_padding=&#8221;3%&#8221; text_color=&#8221;light&#8221; text_align=&#8221;left&#8221; row_border_radius=&#8221;none&#8221; row_border_radius_applies=&#8221;bg&#8221; id=&#8221;culture&#8221; enable_gradient=&#8221;true&#8221; color_overlay=&#8221;#0a0a0a&#8221; color_overlay_2=&#8221;rgba(10,10,10,0.8)&#8221; overlay_strength=&#8221;0.5&#8243; gradient_direction=&#8221;top_to_bottom&#8221; shape_divider_position=&#8221;bottom&#8221; bg_image_animation=&#8221;zoom-out-slow&#8221; shape_type=&#8221;&#8221;][vc_column column_padding=&#8221;no-extra-padding&#8221; column_padding_tablet=&#8221;inherit&#8221; column_padding_phone=&#8221;inherit&#8221; column_padding_position=&#8221;top&#8221; background_color_opacity=&#8221;1&#8243; background_hover_color_opacity=&#8221;1&#8243;&#8230;<\/p>\n","protected":false},"author":1,"featured_media":0,"parent":12683,"menu_order":16,"comment_status":"closed","ping_status":"closed","template":"","meta":{"footnotes":""},"class_list":["post-12734","page","type-page","status-publish"],"yoast_head":"<!-- This site is optimized with the Yoast SEO Premium plugin v23.9 (Yoast SEO v27.3) - https:\/\/yoast.com\/product\/yoast-seo-premium-wordpress\/ -->\n<title>Desodoriza\u00e7\u00e3o - J. Huesa Water Technology - Tratamiento de aguas<\/title>\n<meta name=\"description\" content=\"Desodoriza\u00e7\u00e3o\" \/>\n<meta name=\"robots\" content=\"index, follow, max-snippet:-1, max-image-preview:large, max-video-preview:-1\" \/>\n<link rel=\"canonical\" href=\"https:\/\/jhuesa.com\/pt-pt\/tecnologias\/desodorizacao\" \/>\n<meta property=\"og:locale\" content=\"pt_PT\" \/>\n<meta property=\"og:type\" content=\"article\" \/>\n<meta property=\"og:title\" content=\"Desodoriza\u00e7\u00e3o\" \/>\n<meta property=\"og:description\" content=\"Desodoriza\u00e7\u00e3o\" \/>\n<meta property=\"og:url\" content=\"https:\/\/jhuesa.com\/pt-pt\/tecnologias\/desodorizacao\" \/>\n<meta property=\"og:site_name\" content=\"J. Huesa Water Technology - Tratamiento de aguas\" \/>\n<meta property=\"article:publisher\" content=\"https:\/\/www.facebook.com\/JHuesaSL\/\" \/>\n<meta property=\"article:modified_time\" content=\"2021-03-15T17:39:08+00:00\" \/>\n<meta name=\"twitter:card\" content=\"summary_large_image\" \/>\n<meta name=\"twitter:site\" content=\"@JHUESASL\" \/>\n<meta name=\"twitter:label1\" content=\"Tempo estimado de leitura\" \/>\n\t<meta name=\"twitter:data1\" content=\"3 minutos\" \/>\n<script type=\"application\/ld+json\" class=\"yoast-schema-graph\">{\"@context\":\"https:\\\/\\\/schema.org\",\"@graph\":[{\"@type\":\"WebPage\",\"@id\":\"https:\\\/\\\/jhuesa.com\\\/pt-pt\\\/tecnologias\\\/desodorizacao\",\"url\":\"https:\\\/\\\/jhuesa.com\\\/pt-pt\\\/tecnologias\\\/desodorizacao\",\"name\":\"Desodoriza\u00e7\u00e3o - J. Huesa Water Technology - Tratamiento de aguas\",\"isPartOf\":{\"@id\":\"https:\\\/\\\/jhuesa.com\\\/#website\"},\"datePublished\":\"2021-01-05T00:19:36+00:00\",\"dateModified\":\"2021-03-15T17:39:08+00:00\",\"description\":\"Desodoriza\u00e7\u00e3o\",\"breadcrumb\":{\"@id\":\"https:\\\/\\\/jhuesa.com\\\/pt-pt\\\/tecnologias\\\/desodorizacao#breadcrumb\"},\"inLanguage\":\"pt-PT\",\"potentialAction\":[{\"@type\":\"ReadAction\",\"target\":[\"https:\\\/\\\/jhuesa.com\\\/pt-pt\\\/tecnologias\\\/desodorizacao\"]}]},{\"@type\":\"BreadcrumbList\",\"@id\":\"https:\\\/\\\/jhuesa.com\\\/pt-pt\\\/tecnologias\\\/desodorizacao#breadcrumb\",\"itemListElement\":[{\"@type\":\"ListItem\",\"position\":1,\"name\":\"Portada\",\"item\":\"https:\\\/\\\/jhuesa.com\\\/pt-pt\"},{\"@type\":\"ListItem\",\"position\":2,\"name\":\"Tecnologias\",\"item\":\"https:\\\/\\\/jhuesa.com\\\/pt-pt\\\/tecnologias\"},{\"@type\":\"ListItem\",\"position\":3,\"name\":\"Desodoriza\u00e7\u00e3o\"}]},{\"@type\":\"WebSite\",\"@id\":\"https:\\\/\\\/jhuesa.com\\\/#website\",\"url\":\"https:\\\/\\\/jhuesa.com\\\/\",\"name\":\"J. Huesa Water Technology - Tratamiento de aguas\",\"description\":\"Tratamiento de aguas\",\"publisher\":{\"@id\":\"https:\\\/\\\/jhuesa.com\\\/#organization\"},\"potentialAction\":[{\"@type\":\"SearchAction\",\"target\":{\"@type\":\"EntryPoint\",\"urlTemplate\":\"https:\\\/\\\/jhuesa.com\\\/?s={search_term_string}\"},\"query-input\":{\"@type\":\"PropertyValueSpecification\",\"valueRequired\":true,\"valueName\":\"search_term_string\"}}],\"inLanguage\":\"pt-PT\"},{\"@type\":\"Organization\",\"@id\":\"https:\\\/\\\/jhuesa.com\\\/#organization\",\"name\":\"Tratamiento de Aguas Jhuesa\",\"url\":\"https:\\\/\\\/jhuesa.com\\\/\",\"logo\":{\"@type\":\"ImageObject\",\"inLanguage\":\"pt-PT\",\"@id\":\"https:\\\/\\\/jhuesa.com\\\/#\\\/schema\\\/logo\\\/image\\\/\",\"url\":\"https:\\\/\\\/jhuesa.com\\\/wp-content\\\/uploads\\\/2020\\\/12\\\/logo-jhuesa.png\",\"contentUrl\":\"https:\\\/\\\/jhuesa.com\\\/wp-content\\\/uploads\\\/2020\\\/12\\\/logo-jhuesa.png\",\"width\":600,\"height\":181,\"caption\":\"Tratamiento de Aguas Jhuesa\"},\"image\":{\"@id\":\"https:\\\/\\\/jhuesa.com\\\/#\\\/schema\\\/logo\\\/image\\\/\"},\"sameAs\":[\"https:\\\/\\\/www.facebook.com\\\/JHuesaSL\\\/\",\"https:\\\/\\\/x.com\\\/JHUESASL\",\"https:\\\/\\\/www.linkedin.com\\\/company\\\/j--huesa-s-l-\\\/\",\"https:\\\/\\\/www.youtube.com\\\/channel\\\/UCVRBxPrFTP9apU70w80U9qQ\"]}]}<\/script>\n<!-- \/ Yoast SEO Premium plugin. -->","yoast_head_json":{"title":"Desodoriza\u00e7\u00e3o - J. Huesa Water Technology - Tratamiento de aguas","description":"Desodoriza\u00e7\u00e3o","robots":{"index":"index","follow":"follow","max-snippet":"max-snippet:-1","max-image-preview":"max-image-preview:large","max-video-preview":"max-video-preview:-1"},"canonical":"https:\/\/jhuesa.com\/pt-pt\/tecnologias\/desodorizacao","og_locale":"pt_PT","og_type":"article","og_title":"Desodoriza\u00e7\u00e3o","og_description":"Desodoriza\u00e7\u00e3o","og_url":"https:\/\/jhuesa.com\/pt-pt\/tecnologias\/desodorizacao","og_site_name":"J. Huesa Water Technology - Tratamiento de aguas","article_publisher":"https:\/\/www.facebook.com\/JHuesaSL\/","article_modified_time":"2021-03-15T17:39:08+00:00","twitter_card":"summary_large_image","twitter_site":"@JHUESASL","twitter_misc":{"Tempo estimado de leitura":"3 minutos"},"schema":{"@context":"https:\/\/schema.org","@graph":[{"@type":"WebPage","@id":"https:\/\/jhuesa.com\/pt-pt\/tecnologias\/desodorizacao","url":"https:\/\/jhuesa.com\/pt-pt\/tecnologias\/desodorizacao","name":"Desodoriza\u00e7\u00e3o - J. Huesa Water Technology - Tratamiento de aguas","isPartOf":{"@id":"https:\/\/jhuesa.com\/#website"},"datePublished":"2021-01-05T00:19:36+00:00","dateModified":"2021-03-15T17:39:08+00:00","description":"Desodoriza\u00e7\u00e3o","breadcrumb":{"@id":"https:\/\/jhuesa.com\/pt-pt\/tecnologias\/desodorizacao#breadcrumb"},"inLanguage":"pt-PT","potentialAction":[{"@type":"ReadAction","target":["https:\/\/jhuesa.com\/pt-pt\/tecnologias\/desodorizacao"]}]},{"@type":"BreadcrumbList","@id":"https:\/\/jhuesa.com\/pt-pt\/tecnologias\/desodorizacao#breadcrumb","itemListElement":[{"@type":"ListItem","position":1,"name":"Portada","item":"https:\/\/jhuesa.com\/pt-pt"},{"@type":"ListItem","position":2,"name":"Tecnologias","item":"https:\/\/jhuesa.com\/pt-pt\/tecnologias"},{"@type":"ListItem","position":3,"name":"Desodoriza\u00e7\u00e3o"}]},{"@type":"WebSite","@id":"https:\/\/jhuesa.com\/#website","url":"https:\/\/jhuesa.com\/","name":"J. Huesa Water Technology - Tratamiento de aguas","description":"Tratamiento de aguas","publisher":{"@id":"https:\/\/jhuesa.com\/#organization"},"potentialAction":[{"@type":"SearchAction","target":{"@type":"EntryPoint","urlTemplate":"https:\/\/jhuesa.com\/?s={search_term_string}"},"query-input":{"@type":"PropertyValueSpecification","valueRequired":true,"valueName":"search_term_string"}}],"inLanguage":"pt-PT"},{"@type":"Organization","@id":"https:\/\/jhuesa.com\/#organization","name":"Tratamiento de Aguas Jhuesa","url":"https:\/\/jhuesa.com\/","logo":{"@type":"ImageObject","inLanguage":"pt-PT","@id":"https:\/\/jhuesa.com\/#\/schema\/logo\/image\/","url":"https:\/\/jhuesa.com\/wp-content\/uploads\/2020\/12\/logo-jhuesa.png","contentUrl":"https:\/\/jhuesa.com\/wp-content\/uploads\/2020\/12\/logo-jhuesa.png","width":600,"height":181,"caption":"Tratamiento de Aguas Jhuesa"},"image":{"@id":"https:\/\/jhuesa.com\/#\/schema\/logo\/image\/"},"sameAs":["https:\/\/www.facebook.com\/JHuesaSL\/","https:\/\/x.com\/JHUESASL","https:\/\/www.linkedin.com\/company\/j--huesa-s-l-\/","https:\/\/www.youtube.com\/channel\/UCVRBxPrFTP9apU70w80U9qQ"]}]}},"_links":{"self":[{"href":"https:\/\/jhuesa.com\/pt-pt\/wp-json\/wp\/v2\/pages\/12734","targetHints":{"allow":["GET"]}}],"collection":[{"href":"https:\/\/jhuesa.com\/pt-pt\/wp-json\/wp\/v2\/pages"}],"about":[{"href":"https:\/\/jhuesa.com\/pt-pt\/wp-json\/wp\/v2\/types\/page"}],"author":[{"embeddable":true,"href":"https:\/\/jhuesa.com\/pt-pt\/wp-json\/wp\/v2\/users\/1"}],"replies":[{"embeddable":true,"href":"https:\/\/jhuesa.com\/pt-pt\/wp-json\/wp\/v2\/comments?post=12734"}],"version-history":[{"count":2,"href":"https:\/\/jhuesa.com\/pt-pt\/wp-json\/wp\/v2\/pages\/12734\/revisions"}],"predecessor-version":[{"id":13325,"href":"https:\/\/jhuesa.com\/pt-pt\/wp-json\/wp\/v2\/pages\/12734\/revisions\/13325"}],"up":[{"embeddable":true,"href":"https:\/\/jhuesa.com\/pt-pt\/wp-json\/wp\/v2\/pages\/12683"}],"wp:attachment":[{"href":"https:\/\/jhuesa.com\/pt-pt\/wp-json\/wp\/v2\/media?parent=12734"}],"curies":[{"name":"wp","href":"https:\/\/api.w.org\/{rel}","templated":true}]}}