{"id":12725,"date":"2021-01-05T00:18:16","date_gmt":"2021-01-05T00:18:16","guid":{"rendered":"https:\/\/jhuesa.com\/tecnologias\/tratamiento-biologico-anaerobio"},"modified":"2021-03-25T09:40:05","modified_gmt":"2021-03-25T09:40:05","slug":"tratamento-biologico-anaerobico","status":"publish","type":"page","link":"https:\/\/jhuesa.com\/pt-pt\/tecnologias\/tratamento-biologico-anaerobico","title":{"rendered":"Tratamento biol\u00f3gico anaer\u00f3bico"},"content":{"rendered":"[vc_row type=&#8221;full_width_background&#8221; full_screen_row_position=&#8221;middle&#8221; column_margin=&#8221;default&#8221; column_direction=&#8221;default&#8221; column_direction_tablet=&#8221;default&#8221; column_direction_phone=&#8221;default&#8221; bg_color=&#8221;#0971ce&#8221; scene_position=&#8221;center&#8221; top_padding=&#8221;7%&#8221; bottom_padding=&#8221;3%&#8221; text_color=&#8221;light&#8221; text_align=&#8221;left&#8221; row_border_radius=&#8221;none&#8221; row_border_radius_applies=&#8221;bg&#8221; id=&#8221;culture&#8221; enable_gradient=&#8221;true&#8221; color_overlay=&#8221;#0a0a0a&#8221; color_overlay_2=&#8221;rgba(10,10,10,0.8)&#8221; overlay_strength=&#8221;0.5&#8243; gradient_direction=&#8221;top_to_bottom&#8221; shape_divider_position=&#8221;bottom&#8221; bg_image_animation=&#8221;zoom-out-slow&#8221; shape_type=&#8221;&#8221;][vc_column column_padding=&#8221;no-extra-padding&#8221; column_padding_tablet=&#8221;inherit&#8221; column_padding_phone=&#8221;inherit&#8221; column_padding_position=&#8221;top&#8221; background_color_opacity=&#8221;1&#8243; background_hover_color_opacity=&#8221;1&#8243; column_shadow=&#8221;none&#8221; column_border_radius=&#8221;none&#8221; column_link_target=&#8221;_self&#8221; gradient_direction=&#8221;left_to_right&#8221; overlay_strength=&#8221;0.3&#8243; width=&#8221;1\/1&#8243; tablet_width_inherit=&#8221;default&#8221; tablet_text_alignment=&#8221;default&#8221; phone_text_alignment=&#8221;default&#8221; column_border_width=&#8221;none&#8221; column_border_style=&#8221;solid&#8221; bg_image_animation=&#8221;none&#8221;][divider line_type=&#8221;No Line&#8221; custom_height=&#8221;100&#8243; custom_height_phone=&#8221;10&#8243;][vc_custom_heading text=&#8221;Tecnologias&#8221; font_container=&#8221;tag:p|font_size:20|text_align:right|color:%2379a7ce&#8221; use_theme_fonts=&#8221;yes&#8221; css=&#8221;.vc_custom_1615831132489{margin-bottom: -20px !important;}&#8221;][vc_custom_heading text=&#8221;TRATAMENTO BIOL\u00d3GICO ANAER\u00d3BICO&#8221; font_container=&#8221;tag:h1|font_size:34|text_align:right|color:%23ffffff&#8221; use_theme_fonts=&#8221;yes&#8221;][\/vc_column][\/vc_row][vc_row type=&#8221;full_width_background&#8221; full_screen_row_position=&#8221;middle&#8221; column_margin=&#8221;50px&#8221; equal_height=&#8221;yes&#8221; content_placement=&#8221;middle&#8221; column_direction=&#8221;default&#8221; column_direction_tablet=&#8221;default&#8221; column_direction_phone=&#8221;default&#8221; bg_color=&#8221;#ffffff&#8221; scene_position=&#8221;center&#8221; constrain_group_1=&#8221;yes&#8221; top_padding_tablet=&#8221;8%&#8221; bottom_padding_tablet=&#8221;8%&#8221; text_color=&#8221;dark&#8221; text_align=&#8221;left&#8221; row_border_radius=&#8221;none&#8221; row_border_radius_applies=&#8221;bg&#8221; id=&#8221;home&#8221; overlay_strength=&#8221;0.5&#8243; gradient_direction=&#8221;top_to_bottom&#8221; shape_divider_position=&#8221;bottom&#8221; bg_image_animation=&#8221;none&#8221; shape_type=&#8221;straight_section&#8221;][vc_column column_padding=&#8221;padding-2-percent&#8221; column_padding_tablet=&#8221;no-extra-padding&#8221; column_padding_phone=&#8221;no-extra-padding&#8221; column_padding_position=&#8221;right&#8221; background_color_opacity=&#8221;1&#8243; background_hover_color_opacity=&#8221;1&#8243; column_shadow=&#8221;none&#8221; column_border_radius=&#8221;none&#8221; column_link_target=&#8221;_self&#8221; zindex=&#8221;100&#8243; gradient_direction=&#8221;left_t_to_right_b&#8221; overlay_strength=&#8221;0.3&#8243; width=&#8221;2\/3&#8243; tablet_width_inherit=&#8221;default&#8221; tablet_text_alignment=&#8221;default&#8221; phone_text_alignment=&#8221;default&#8221; column_border_width=&#8221;none&#8221; column_border_style=&#8221;solid&#8221; bg_image_animation=&#8221;none&#8221; offset=&#8221;vc_col-xs-12&#8243;][vc_row_inner column_margin=&#8221;default&#8221; column_direction=&#8221;default&#8221; column_direction_tablet=&#8221;default&#8221; column_direction_phone=&#8221;default&#8221; text_align=&#8221;left&#8221; min_width=&#8221;47vh&#8221;][vc_column_inner column_padding=&#8221;no-extra-padding&#8221; column_padding_tablet=&#8221;inherit&#8221; column_padding_phone=&#8221;inherit&#8221; column_padding_position=&#8221;all&#8221; background_color_opacity=&#8221;1&#8243; background_hover_color_opacity=&#8221;1&#8243; column_shadow=&#8221;none&#8221; column_border_radius=&#8221;none&#8221; column_link_target=&#8221;_self&#8221; gradient_direction=&#8221;left_to_right&#8221; overlay_strength=&#8221;0.3&#8243; width=&#8221;1\/1&#8243; tablet_width_inherit=&#8221;default&#8221; column_border_width=&#8221;none&#8221; column_border_style=&#8221;solid&#8221; enable_border_animation=&#8221;true&#8221; bg_image_animation=&#8221;none&#8221; enable_animation=&#8221;true&#8221; animation=&#8221;fade-in-from-bottom&#8221;][vc_column_text css_animation=&#8221;fadeInDownBig&#8221;]As \u00e1guas residuais t\u00eam um elevado teor de mat\u00e9ria org\u00e2nica, nutrientes (principalmente azoto e f\u00f3sforo), bact\u00e9rias e agentes patog\u00e9nicos. O objetivo do tratamento biol\u00f3gico \u00e9 a sua elimina\u00e7\u00e3o, que tem lugar gra\u00e7as \u00e0 a\u00e7\u00e3o metab\u00f3lica de diferentes estirpes de microrganismos.<\/p>\n<p>Num tratamento biol\u00f3gico convencional, encontramos pelo menos 2 fases bem diferenciadas: primeiro, o reator biol\u00f3gico em que a mat\u00e9ria org\u00e2nica entra em contacto com os microrganismos que a eliminam e, mais tarde, uma clarifica\u00e7\u00e3o em que a biomassa ou lodo \u00e9 eliminado do efluente tratado, normalmente por decanta\u00e7\u00e3o.<\/p>\n<p>Dependendo da natureza da mat\u00e9ria org\u00e2nica presente no efluente a ser tratado, \u00e9 necess\u00e1rio ou n\u00e3o utilizar oxig\u00e9nio para a sua metaboliza\u00e7\u00e3o.<\/p>\n<p>Nos setores em que a carga poluente biodegrad\u00e1vel \u00e9 muito elevada, s\u00e3o utilizados microrganismos anaer\u00f3bios. O biog\u00e1s (principalmente CH4 e CO2) e uma pequena fra\u00e7\u00e3o de lodo s\u00e3o obtidos como subprodutos. Por vezes, o efluente obtido n\u00e3o satisfaz os requisitos m\u00ednimos de qualidade e, por conseguinte, requer um tratamento adicional para a sua refina\u00e7\u00e3o.<\/p>\n<p>Principais tipos de sistemas de tratamento biol\u00f3gico anaer\u00f3bico:[\/vc_column_text][\/vc_column_inner][\/vc_row_inner][vc_row_inner column_margin=&#8221;70px&#8221; column_direction=&#8221;default&#8221; column_direction_tablet=&#8221;default&#8221; column_direction_phone=&#8221;default&#8221; top_padding=&#8221;25&#8243; bottom_padding=&#8221;15&#8243; text_align=&#8221;left&#8221;][vc_column_inner column_padding=&#8221;no-extra-padding&#8221; column_padding_tablet=&#8221;inherit&#8221; column_padding_phone=&#8221;inherit&#8221; column_padding_position=&#8221;all&#8221; top_margin=&#8221;-30&#8243; background_color_opacity=&#8221;1&#8243; background_hover_color_opacity=&#8221;1&#8243; column_shadow=&#8221;none&#8221; column_border_radius=&#8221;none&#8221; column_link_target=&#8221;_self&#8221; gradient_direction=&#8221;left_to_right&#8221; overlay_strength=&#8221;0.3&#8243; width=&#8221;1\/1&#8243; tablet_width_inherit=&#8221;small_desktop&#8221; column_border_width=&#8221;none&#8221; column_border_style=&#8221;solid&#8221; bg_image_animation=&#8221;none&#8221; enable_animation=&#8221;true&#8221; animation=&#8221;fade-in-from-bottom&#8221;]<div class=\"nectar-fancy-ul\" data-list-icon=\"steadysets-icon-arrow-right\" data-animation=\"true\" data-animation-delay=\"600\" data-color=\"accent-color\" data-spacing=\"default\" data-alignment=\"left\"> \n<ul>\n<li>UASB<\/li>\n<li>Carga elevada<\/li>\n<li>Por contacto<\/li>\n<li>Por enchimento<\/li>\n<li>MBR anaer\u00f3bico (AnMBR)<\/li>\n<\/ul>\n <\/div>[\/vc_column_inner][\/vc_row_inner][\/vc_column][vc_column column_padding=&#8221;no-extra-padding&#8221; column_padding_tablet=&#8221;inherit&#8221; column_padding_phone=&#8221;inherit&#8221; column_padding_position=&#8221;all&#8221; background_color_opacity=&#8221;1&#8243; background_hover_color_opacity=&#8221;1&#8243; column_shadow=&#8221;none&#8221; column_border_radius=&#8221;none&#8221; column_link_target=&#8221;_self&#8221; gradient_direction=&#8221;left_to_right&#8221; overlay_strength=&#8221;0.5&#8243; width=&#8221;1\/3&#8243; tablet_width_inherit=&#8221;default&#8221; tablet_text_alignment=&#8221;default&#8221; phone_text_alignment=&#8221;default&#8221; column_border_width=&#8221;none&#8221; column_border_style=&#8221;solid&#8221; bg_image_animation=&#8221;none&#8221; offset=&#8221;vc_col-xs-12&#8243;][vc_row_inner column_margin=&#8221;default&#8221; column_direction=&#8221;default&#8221; column_direction_tablet=&#8221;default&#8221; column_direction_phone=&#8221;default&#8221; text_align=&#8221;left&#8221; min_width_desktop=&#8221;43vw&#8221; min_width_tablet=&#8221;50vw&#8221; min_width_phone=&#8221;50vw&#8221;][vc_column_inner column_padding=&#8221;no-extra-padding&#8221; column_padding_tablet=&#8221;inherit&#8221; column_padding_phone=&#8221;inherit&#8221; column_padding_position=&#8221;all&#8221; background_color_opacity=&#8221;1&#8243; background_hover_color_opacity=&#8221;1&#8243; background_image=&#8221;6769&#8243; background_image_position=&#8221;center center&#8221; enable_bg_scale=&#8221;true&#8221; column_shadow=&#8221;none&#8221; column_border_radius=&#8221;none&#8221; column_link_target=&#8221;_self&#8221; gradient_direction=&#8221;left_to_right&#8221; overlay_strength=&#8221;0.5&#8243; width=&#8221;1\/1&#8243; tablet_width_inherit=&#8221;default&#8221; column_border_width=&#8221;none&#8221; column_border_style=&#8221;solid&#8221; bg_image_animation=&#8221;ro-reveal-from-right&#8221;][divider line_type=&#8221;No Line&#8221; custom_height=&#8221;90vh&#8221; custom_height_tablet=&#8221;40vh&#8221; custom_height_phone=&#8221;300px&#8221;][\/vc_column_inner][\/vc_row_inner][\/vc_column][\/vc_row][vc_row type=&#8221;full_width_background&#8221; full_screen_row_position=&#8221;middle&#8221; column_margin=&#8221;default&#8221; column_direction=&#8221;default&#8221; column_direction_tablet=&#8221;default&#8221; column_direction_phone=&#8221;default&#8221; bg_color=&#8221;#114984&#8243; scene_position=&#8221;center&#8221; top_padding=&#8221;4%&#8221; bottom_padding=&#8221;1%&#8221; text_color=&#8221;dark&#8221; text_align=&#8221;left&#8221; row_border_radius=&#8221;none&#8221; row_border_radius_applies=&#8221;bg&#8221; overlay_strength=&#8221;1&#8243; gradient_direction=&#8221;left_to_right&#8221; shape_divider_position=&#8221;bottom&#8221; bg_image_animation=&#8221;none&#8221; shape_type=&#8221;&#8221;][vc_column column_padding=&#8221;no-extra-padding&#8221; column_padding_tablet=&#8221;inherit&#8221; column_padding_phone=&#8221;inherit&#8221; column_padding_position=&#8221;all&#8221; background_color_opacity=&#8221;1&#8243; background_hover_color_opacity=&#8221;1&#8243; column_shadow=&#8221;none&#8221; column_border_radius=&#8221;none&#8221; column_link_target=&#8221;_self&#8221; gradient_direction=&#8221;left_to_right&#8221; overlay_strength=&#8221;0.3&#8243; width=&#8221;1\/1&#8243; tablet_width_inherit=&#8221;default&#8221; tablet_text_alignment=&#8221;default&#8221; phone_text_alignment=&#8221;default&#8221; column_border_width=&#8221;none&#8221; column_border_style=&#8221;solid&#8221; bg_image_animation=&#8221;none&#8221; enable_animation=&#8221;true&#8221; animation=&#8221;fade-in-from-bottom&#8221;][vc_row_inner column_margin=&#8221;90px&#8221; column_direction=&#8221;default&#8221; column_direction_tablet=&#8221;default&#8221; column_direction_phone=&#8221;default&#8221; text_align=&#8221;left&#8221;][vc_column_inner column_padding=&#8221;padding-3-percent&#8221; column_padding_tablet=&#8221;inherit&#8221; column_padding_phone=&#8221;inherit&#8221; column_padding_position=&#8221;top-bottom&#8221; background_color_opacity=&#8221;1&#8243; background_hover_color_opacity=&#8221;1&#8243; column_shadow=&#8221;none&#8221; column_border_radius=&#8221;none&#8221; column_link_target=&#8221;_self&#8221; gradient_direction=&#8221;left_to_right&#8221; overlay_strength=&#8221;0.3&#8243; width=&#8221;1\/2&#8243; tablet_width_inherit=&#8221;default&#8221; column_border_width=&#8221;none&#8221; column_border_style=&#8221;solid&#8221; bg_image_animation=&#8221;none&#8221; enable_animation=&#8221;true&#8221; animation=&#8221;fade-in-from-bottom&#8221;]<div class=\"iwithtext\"><div class=\"iwt-icon\"> <i class=\"icon-default-style fa fa-cog accent-color\"><\/i> <\/div><div class=\"iwt-text\"> \n<h3><span style=\"color: #ffffff;\">APLICA\u00c7\u00d5ES<\/span><\/h3>\n <\/div><div class=\"clear\"><\/div><\/div>[divider line_type=&#8221;Full Width Line&#8221; line_thickness=&#8221;1&#8243; divider_color=&#8221;extra-color-2&#8243; animate=&#8221;yes&#8221; custom_height=&#8221;40&#8243;]<div class=\"nectar-fancy-ul\" data-list-icon=\"fa fa-check\" data-animation=\"true\" data-animation-delay=\"300\" data-color=\"extra-color-1\" data-spacing=\"default\" data-alignment=\"left\"> \n<ul>\n<li><span style=\"color: #ffffff;\">\u00c1guas residuais industriais com elevada carga poluente biodegrad\u00e1vel<\/span><\/li>\n<li><span style=\"color: #ffffff;\">Produ\u00e7\u00e3o de biog\u00e1s (fonte de energia alternativa)<\/span><\/li>\n<li><span style=\"color: #ffffff;\">Estabiliza\u00e7\u00e3o do lodo de esgoto<\/span><\/li>\n<li><span style=\"color: #ffffff;\">Expans\u00f5es dos tratamentos biol\u00f3gicos aer\u00f3bicos existentes<\/span><\/li>\n<\/ul>\n <\/div>[\/vc_column_inner][vc_column_inner column_padding=&#8221;padding-3-percent&#8221; column_padding_tablet=&#8221;inherit&#8221; column_padding_phone=&#8221;inherit&#8221; column_padding_position=&#8221;top-bottom&#8221; background_color_opacity=&#8221;1&#8243; background_hover_color_opacity=&#8221;1&#8243; column_shadow=&#8221;none&#8221; column_border_radius=&#8221;none&#8221; column_link_target=&#8221;_self&#8221; gradient_direction=&#8221;left_to_right&#8221; overlay_strength=&#8221;0.3&#8243; width=&#8221;1\/2&#8243; tablet_width_inherit=&#8221;default&#8221; column_border_width=&#8221;none&#8221; column_border_style=&#8221;solid&#8221; bg_image_animation=&#8221;none&#8221; enable_animation=&#8221;true&#8221; animation=&#8221;fade-in-from-bottom&#8221; delay=&#8221;100&#8243;]<div class=\"iwithtext\"><div class=\"iwt-icon\"> <i class=\"icon-default-style fa fa-star-o accent-color\"><\/i> <\/div><div class=\"iwt-text\"> \n<h3><span style=\"color: #ffffff;\">VANTAGENS<\/span><\/h3>\n <\/div><div class=\"clear\"><\/div><\/div>[divider line_type=&#8221;Full Width Line&#8221; line_thickness=&#8221;1&#8243; divider_color=&#8221;extra-color-2&#8243; animate=&#8221;yes&#8221; custom_height=&#8221;40&#8243;]<div class=\"nectar-fancy-ul\" data-list-icon=\"fa fa-check\" data-animation=\"true\" data-animation-delay=\"300\" data-color=\"extra-color-1\" data-spacing=\"default\" data-alignment=\"left\"> \n<ul>\n<li><span style=\"color: #ffffff;\">Requer pouco espa\u00e7o<\/span><\/li>\n<li><span style=\"color: #ffffff;\">Baixa produ\u00e7\u00e3o de lamas<\/span><\/li>\n<li><span style=\"color: #ffffff;\">Baixo consumo de energia<\/span><\/li>\n<\/ul>\n <\/div>[\/vc_column_inner][\/vc_row_inner][\/vc_column][\/vc_row][vc_row type=&#8221;in_container&#8221; full_screen_row_position=&#8221;middle&#8221; column_margin=&#8221;default&#8221; column_direction=&#8221;default&#8221; column_direction_tablet=&#8221;default&#8221; column_direction_phone=&#8221;default&#8221; scene_position=&#8221;center&#8221; text_color=&#8221;dark&#8221; text_align=&#8221;left&#8221; row_border_radius=&#8221;none&#8221; row_border_radius_applies=&#8221;bg&#8221; overlay_strength=&#8221;0.3&#8243; gradient_direction=&#8221;left_to_right&#8221; shape_divider_position=&#8221;bottom&#8221; bg_image_animation=&#8221;none&#8221;][vc_column column_padding=&#8221;no-extra-padding&#8221; column_padding_tablet=&#8221;inherit&#8221; column_padding_phone=&#8221;inherit&#8221; column_padding_position=&#8221;all&#8221; background_color_opacity=&#8221;1&#8243; background_hover_color_opacity=&#8221;1&#8243; column_shadow=&#8221;none&#8221; column_border_radius=&#8221;none&#8221; column_link_target=&#8221;_self&#8221; gradient_direction=&#8221;left_to_right&#8221; overlay_strength=&#8221;0.3&#8243; width=&#8221;1\/1&#8243; tablet_width_inherit=&#8221;default&#8221; tablet_text_alignment=&#8221;default&#8221; phone_text_alignment=&#8221;default&#8221; column_border_width=&#8221;none&#8221; column_border_style=&#8221;solid&#8221; bg_image_animation=&#8221;none&#8221;][vc_gallery type=&#8221;flickity_static_height_style&#8221; images=&#8221;6770,6771,6769&#8243; flickity_spacing=&#8221;default&#8221; flickity_controls=&#8221;pagination&#8221; flickity_overflow=&#8221;hidden&#8221; flickity_wrap_around=&#8221;wrap&#8221; flickity_autoplay=&#8221;true&#8221; flickity_box_shadow=&#8221;none&#8221; image_loading=&#8221;default&#8221; onclick=&#8221;link_image&#8221;][\/vc_column][\/vc_row]\n","protected":false},"excerpt":{"rendered":"<p>[vc_row type=&#8221;full_width_background&#8221; full_screen_row_position=&#8221;middle&#8221; column_margin=&#8221;default&#8221; column_direction=&#8221;default&#8221; column_direction_tablet=&#8221;default&#8221; column_direction_phone=&#8221;default&#8221; bg_color=&#8221;#0971ce&#8221; scene_position=&#8221;center&#8221; top_padding=&#8221;7%&#8221; bottom_padding=&#8221;3%&#8221; text_color=&#8221;light&#8221; text_align=&#8221;left&#8221; row_border_radius=&#8221;none&#8221; row_border_radius_applies=&#8221;bg&#8221; id=&#8221;culture&#8221; enable_gradient=&#8221;true&#8221; color_overlay=&#8221;#0a0a0a&#8221; color_overlay_2=&#8221;rgba(10,10,10,0.8)&#8221; overlay_strength=&#8221;0.5&#8243; gradient_direction=&#8221;top_to_bottom&#8221; shape_divider_position=&#8221;bottom&#8221; bg_image_animation=&#8221;zoom-out-slow&#8221; shape_type=&#8221;&#8221;][vc_column column_padding=&#8221;no-extra-padding&#8221; column_padding_tablet=&#8221;inherit&#8221; column_padding_phone=&#8221;inherit&#8221; column_padding_position=&#8221;top&#8221; background_color_opacity=&#8221;1&#8243; background_hover_color_opacity=&#8221;1&#8243;&#8230;<\/p>\n","protected":false},"author":1,"featured_media":0,"parent":12683,"menu_order":13,"comment_status":"closed","ping_status":"closed","template":"","meta":{"footnotes":""},"class_list":["post-12725","page","type-page","status-publish"],"yoast_head":"<!-- This site is optimized with the Yoast SEO Premium plugin v23.9 (Yoast SEO v27.4) - https:\/\/yoast.com\/product\/yoast-seo-premium-wordpress\/ -->\n<title>Tratamento biol\u00f3gico anaer\u00f3bico - J. Huesa Water Technology - Tratamiento de aguas<\/title>\n<meta name=\"description\" content=\"Tratamento biol\u00f3gico anaer\u00f3bico\" \/>\n<meta name=\"robots\" content=\"index, follow, max-snippet:-1, max-image-preview:large, max-video-preview:-1\" \/>\n<link rel=\"canonical\" href=\"https:\/\/jhuesa.com\/pt-pt\/tecnologias\/tratamento-biologico-anaerobico\" \/>\n<meta property=\"og:locale\" content=\"pt_PT\" \/>\n<meta property=\"og:type\" content=\"article\" \/>\n<meta property=\"og:title\" content=\"Tratamento biol\u00f3gico anaer\u00f3bico\" \/>\n<meta property=\"og:description\" content=\"Tratamento biol\u00f3gico anaer\u00f3bico\" \/>\n<meta property=\"og:url\" content=\"https:\/\/jhuesa.com\/pt-pt\/tecnologias\/tratamento-biologico-anaerobico\" \/>\n<meta property=\"og:site_name\" content=\"J. Huesa Water Technology - Tratamiento de aguas\" \/>\n<meta property=\"article:publisher\" content=\"https:\/\/www.facebook.com\/JHuesaSL\/\" \/>\n<meta property=\"article:modified_time\" content=\"2021-03-25T09:40:05+00:00\" \/>\n<meta name=\"twitter:card\" content=\"summary_large_image\" \/>\n<meta name=\"twitter:site\" content=\"@JHUESASL\" \/>\n<meta name=\"twitter:label1\" content=\"Tempo estimado de leitura\" \/>\n\t<meta name=\"twitter:data1\" content=\"3 minutos\" \/>\n<script type=\"application\/ld+json\" class=\"yoast-schema-graph\">{\"@context\":\"https:\\\/\\\/schema.org\",\"@graph\":[{\"@type\":\"WebPage\",\"@id\":\"https:\\\/\\\/jhuesa.com\\\/pt-pt\\\/tecnologias\\\/tratamento-biologico-anaerobico\",\"url\":\"https:\\\/\\\/jhuesa.com\\\/pt-pt\\\/tecnologias\\\/tratamento-biologico-anaerobico\",\"name\":\"Tratamento biol\u00f3gico anaer\u00f3bico - J. Huesa Water Technology - Tratamiento de aguas\",\"isPartOf\":{\"@id\":\"https:\\\/\\\/jhuesa.com\\\/#website\"},\"datePublished\":\"2021-01-05T00:18:16+00:00\",\"dateModified\":\"2021-03-25T09:40:05+00:00\",\"description\":\"Tratamento biol\u00f3gico anaer\u00f3bico\",\"breadcrumb\":{\"@id\":\"https:\\\/\\\/jhuesa.com\\\/pt-pt\\\/tecnologias\\\/tratamento-biologico-anaerobico#breadcrumb\"},\"inLanguage\":\"pt-PT\",\"potentialAction\":[{\"@type\":\"ReadAction\",\"target\":[\"https:\\\/\\\/jhuesa.com\\\/pt-pt\\\/tecnologias\\\/tratamento-biologico-anaerobico\"]}]},{\"@type\":\"BreadcrumbList\",\"@id\":\"https:\\\/\\\/jhuesa.com\\\/pt-pt\\\/tecnologias\\\/tratamento-biologico-anaerobico#breadcrumb\",\"itemListElement\":[{\"@type\":\"ListItem\",\"position\":1,\"name\":\"Portada\",\"item\":\"https:\\\/\\\/jhuesa.com\\\/pt-pt\"},{\"@type\":\"ListItem\",\"position\":2,\"name\":\"Tecnologias\",\"item\":\"https:\\\/\\\/jhuesa.com\\\/pt-pt\\\/tecnologias\"},{\"@type\":\"ListItem\",\"position\":3,\"name\":\"Tratamento biol\u00f3gico anaer\u00f3bico\"}]},{\"@type\":\"WebSite\",\"@id\":\"https:\\\/\\\/jhuesa.com\\\/#website\",\"url\":\"https:\\\/\\\/jhuesa.com\\\/\",\"name\":\"J. Huesa Water Technology - Tratamiento de aguas\",\"description\":\"Tratamiento de aguas\",\"publisher\":{\"@id\":\"https:\\\/\\\/jhuesa.com\\\/#organization\"},\"potentialAction\":[{\"@type\":\"SearchAction\",\"target\":{\"@type\":\"EntryPoint\",\"urlTemplate\":\"https:\\\/\\\/jhuesa.com\\\/?s={search_term_string}\"},\"query-input\":{\"@type\":\"PropertyValueSpecification\",\"valueRequired\":true,\"valueName\":\"search_term_string\"}}],\"inLanguage\":\"pt-PT\"},{\"@type\":\"Organization\",\"@id\":\"https:\\\/\\\/jhuesa.com\\\/#organization\",\"name\":\"Tratamiento de Aguas Jhuesa\",\"url\":\"https:\\\/\\\/jhuesa.com\\\/\",\"logo\":{\"@type\":\"ImageObject\",\"inLanguage\":\"pt-PT\",\"@id\":\"https:\\\/\\\/jhuesa.com\\\/#\\\/schema\\\/logo\\\/image\\\/\",\"url\":\"https:\\\/\\\/jhuesa.com\\\/wp-content\\\/uploads\\\/2020\\\/12\\\/logo-jhuesa.png\",\"contentUrl\":\"https:\\\/\\\/jhuesa.com\\\/wp-content\\\/uploads\\\/2020\\\/12\\\/logo-jhuesa.png\",\"width\":600,\"height\":181,\"caption\":\"Tratamiento de Aguas Jhuesa\"},\"image\":{\"@id\":\"https:\\\/\\\/jhuesa.com\\\/#\\\/schema\\\/logo\\\/image\\\/\"},\"sameAs\":[\"https:\\\/\\\/www.facebook.com\\\/JHuesaSL\\\/\",\"https:\\\/\\\/x.com\\\/JHUESASL\",\"https:\\\/\\\/www.linkedin.com\\\/company\\\/j--huesa-s-l-\\\/\",\"https:\\\/\\\/www.youtube.com\\\/channel\\\/UCVRBxPrFTP9apU70w80U9qQ\"]}]}<\/script>\n<!-- \/ Yoast SEO Premium plugin. -->","yoast_head_json":{"title":"Tratamento biol\u00f3gico anaer\u00f3bico - J. Huesa Water Technology - Tratamiento de aguas","description":"Tratamento biol\u00f3gico anaer\u00f3bico","robots":{"index":"index","follow":"follow","max-snippet":"max-snippet:-1","max-image-preview":"max-image-preview:large","max-video-preview":"max-video-preview:-1"},"canonical":"https:\/\/jhuesa.com\/pt-pt\/tecnologias\/tratamento-biologico-anaerobico","og_locale":"pt_PT","og_type":"article","og_title":"Tratamento biol\u00f3gico anaer\u00f3bico","og_description":"Tratamento biol\u00f3gico anaer\u00f3bico","og_url":"https:\/\/jhuesa.com\/pt-pt\/tecnologias\/tratamento-biologico-anaerobico","og_site_name":"J. Huesa Water Technology - Tratamiento de aguas","article_publisher":"https:\/\/www.facebook.com\/JHuesaSL\/","article_modified_time":"2021-03-25T09:40:05+00:00","twitter_card":"summary_large_image","twitter_site":"@JHUESASL","twitter_misc":{"Tempo estimado de leitura":"3 minutos"},"schema":{"@context":"https:\/\/schema.org","@graph":[{"@type":"WebPage","@id":"https:\/\/jhuesa.com\/pt-pt\/tecnologias\/tratamento-biologico-anaerobico","url":"https:\/\/jhuesa.com\/pt-pt\/tecnologias\/tratamento-biologico-anaerobico","name":"Tratamento biol\u00f3gico anaer\u00f3bico - J. Huesa Water Technology - Tratamiento de aguas","isPartOf":{"@id":"https:\/\/jhuesa.com\/#website"},"datePublished":"2021-01-05T00:18:16+00:00","dateModified":"2021-03-25T09:40:05+00:00","description":"Tratamento biol\u00f3gico anaer\u00f3bico","breadcrumb":{"@id":"https:\/\/jhuesa.com\/pt-pt\/tecnologias\/tratamento-biologico-anaerobico#breadcrumb"},"inLanguage":"pt-PT","potentialAction":[{"@type":"ReadAction","target":["https:\/\/jhuesa.com\/pt-pt\/tecnologias\/tratamento-biologico-anaerobico"]}]},{"@type":"BreadcrumbList","@id":"https:\/\/jhuesa.com\/pt-pt\/tecnologias\/tratamento-biologico-anaerobico#breadcrumb","itemListElement":[{"@type":"ListItem","position":1,"name":"Portada","item":"https:\/\/jhuesa.com\/pt-pt"},{"@type":"ListItem","position":2,"name":"Tecnologias","item":"https:\/\/jhuesa.com\/pt-pt\/tecnologias"},{"@type":"ListItem","position":3,"name":"Tratamento biol\u00f3gico anaer\u00f3bico"}]},{"@type":"WebSite","@id":"https:\/\/jhuesa.com\/#website","url":"https:\/\/jhuesa.com\/","name":"J. Huesa Water Technology - Tratamiento de aguas","description":"Tratamiento de aguas","publisher":{"@id":"https:\/\/jhuesa.com\/#organization"},"potentialAction":[{"@type":"SearchAction","target":{"@type":"EntryPoint","urlTemplate":"https:\/\/jhuesa.com\/?s={search_term_string}"},"query-input":{"@type":"PropertyValueSpecification","valueRequired":true,"valueName":"search_term_string"}}],"inLanguage":"pt-PT"},{"@type":"Organization","@id":"https:\/\/jhuesa.com\/#organization","name":"Tratamiento de Aguas Jhuesa","url":"https:\/\/jhuesa.com\/","logo":{"@type":"ImageObject","inLanguage":"pt-PT","@id":"https:\/\/jhuesa.com\/#\/schema\/logo\/image\/","url":"https:\/\/jhuesa.com\/wp-content\/uploads\/2020\/12\/logo-jhuesa.png","contentUrl":"https:\/\/jhuesa.com\/wp-content\/uploads\/2020\/12\/logo-jhuesa.png","width":600,"height":181,"caption":"Tratamiento de Aguas Jhuesa"},"image":{"@id":"https:\/\/jhuesa.com\/#\/schema\/logo\/image\/"},"sameAs":["https:\/\/www.facebook.com\/JHuesaSL\/","https:\/\/x.com\/JHUESASL","https:\/\/www.linkedin.com\/company\/j--huesa-s-l-\/","https:\/\/www.youtube.com\/channel\/UCVRBxPrFTP9apU70w80U9qQ"]}]}},"_links":{"self":[{"href":"https:\/\/jhuesa.com\/pt-pt\/wp-json\/wp\/v2\/pages\/12725","targetHints":{"allow":["GET"]}}],"collection":[{"href":"https:\/\/jhuesa.com\/pt-pt\/wp-json\/wp\/v2\/pages"}],"about":[{"href":"https:\/\/jhuesa.com\/pt-pt\/wp-json\/wp\/v2\/types\/page"}],"author":[{"embeddable":true,"href":"https:\/\/jhuesa.com\/pt-pt\/wp-json\/wp\/v2\/users\/1"}],"replies":[{"embeddable":true,"href":"https:\/\/jhuesa.com\/pt-pt\/wp-json\/wp\/v2\/comments?post=12725"}],"version-history":[{"count":4,"href":"https:\/\/jhuesa.com\/pt-pt\/wp-json\/wp\/v2\/pages\/12725\/revisions"}],"predecessor-version":[{"id":13947,"href":"https:\/\/jhuesa.com\/pt-pt\/wp-json\/wp\/v2\/pages\/12725\/revisions\/13947"}],"up":[{"embeddable":true,"href":"https:\/\/jhuesa.com\/pt-pt\/wp-json\/wp\/v2\/pages\/12683"}],"wp:attachment":[{"href":"https:\/\/jhuesa.com\/pt-pt\/wp-json\/wp\/v2\/media?parent=12725"}],"curies":[{"name":"wp","href":"https:\/\/api.w.org\/{rel}","templated":true}]}}