{"id":12680,"date":"2020-12-01T12:23:43","date_gmt":"2020-12-01T12:23:43","guid":{"rendered":"https:\/\/jhuesa.com\/sectores"},"modified":"2021-03-16T19:27:37","modified_gmt":"2021-03-16T19:27:37","slug":"setores","status":"publish","type":"page","link":"https:\/\/jhuesa.com\/pt-pt\/setores","title":{"rendered":"Setores"},"content":{"rendered":"[vc_row type=&#8221;full_width_background&#8221; full_screen_row_position=&#8221;middle&#8221; column_margin=&#8221;default&#8221; column_direction=&#8221;default&#8221; column_direction_tablet=&#8221;default&#8221; column_direction_phone=&#8221;default&#8221; bg_color=&#8221;#0971ce&#8221; scene_position=&#8221;center&#8221; top_padding=&#8221;7%&#8221; bottom_padding=&#8221;3%&#8221; text_color=&#8221;light&#8221; text_align=&#8221;left&#8221; row_border_radius=&#8221;none&#8221; row_border_radius_applies=&#8221;bg&#8221; id=&#8221;culture&#8221; enable_gradient=&#8221;true&#8221; color_overlay=&#8221;#0a0a0a&#8221; color_overlay_2=&#8221;rgba(10,10,10,0.8)&#8221; overlay_strength=&#8221;0.5&#8243; gradient_direction=&#8221;top_to_bottom&#8221; shape_divider_position=&#8221;bottom&#8221; bg_image_animation=&#8221;zoom-out-slow&#8221; shape_type=&#8221;&#8221;][vc_column column_padding=&#8221;no-extra-padding&#8221; column_padding_tablet=&#8221;inherit&#8221; column_padding_phone=&#8221;inherit&#8221; column_padding_position=&#8221;top&#8221; background_color_opacity=&#8221;1&#8243; background_hover_color_opacity=&#8221;1&#8243; column_shadow=&#8221;none&#8221; column_border_radius=&#8221;none&#8221; column_link_target=&#8221;_self&#8221; gradient_direction=&#8221;left_to_right&#8221; overlay_strength=&#8221;0.3&#8243; width=&#8221;1\/1&#8243; tablet_width_inherit=&#8221;default&#8221; tablet_text_alignment=&#8221;default&#8221; phone_text_alignment=&#8221;default&#8221; column_border_width=&#8221;none&#8221; column_border_style=&#8221;solid&#8221; bg_image_animation=&#8221;none&#8221;][divider line_type=&#8221;No Line&#8221; custom_height=&#8221;100&#8243;][vc_custom_heading text=&#8221;SETORES&#8221; font_container=&#8221;tag:h1|font_size:34|text_align:right|color:%23ffffff&#8221; use_theme_fonts=&#8221;yes&#8221;][\/vc_column][\/vc_row][vc_row type=&#8221;full_width_background&#8221; full_screen_row_position=&#8221;middle&#8221; column_margin=&#8221;default&#8221; equal_height=&#8221;yes&#8221; content_placement=&#8221;middle&#8221; column_direction=&#8221;default&#8221; column_direction_tablet=&#8221;default&#8221; column_direction_phone=&#8221;default&#8221; bg_image=&#8221;6338&#8243; bg_position=&#8221;center center&#8221; bg_repeat=&#8221;no-repeat&#8221; scene_position=&#8221;center&#8221; top_padding=&#8221;3%&#8221; bottom_padding=&#8221;3%&#8221; text_color=&#8221;light&#8221; text_align=&#8221;left&#8221; row_border_radius=&#8221;none&#8221; row_border_radius_applies=&#8221;bg&#8221; id=&#8221;steps&#8221; row_name=&#8221;Sign Up Steps&#8221; color_overlay=&#8221;#0a0a0a&#8221; overlay_strength=&#8221;0.8&#8243; gradient_direction=&#8221;left_to_right&#8221; shape_divider_position=&#8221;bottom&#8221; bg_image_animation=&#8221;none&#8221; parallax_bg=&#8221;true&#8221; parallax_bg_speed=&#8221;fast&#8221; shape_type=&#8221;&#8221;][vc_column column_padding=&#8221;padding-2-percent&#8221; column_padding_tablet=&#8221;inherit&#8221; column_padding_phone=&#8221;inherit&#8221; column_padding_position=&#8221;top-bottom&#8221; background_color_opacity=&#8221;1&#8243; background_hover_color_opacity=&#8221;1&#8243; column_shadow=&#8221;none&#8221; column_border_radius=&#8221;none&#8221; column_link_target=&#8221;_self&#8221; gradient_direction=&#8221;left_to_right&#8221; overlay_strength=&#8221;0.3&#8243; width=&#8221;1\/1&#8243; tablet_width_inherit=&#8221;default&#8221; tablet_text_alignment=&#8221;default&#8221; phone_text_alignment=&#8221;default&#8221; column_border_width=&#8221;none&#8221; column_border_style=&#8221;solid&#8221; bg_image_animation=&#8221;none&#8221; offset=&#8221;vc_col-xs-12&#8243;][nectar_icon_list color=&#8221;default&#8221; direction=&#8221;horizontal&#8221; columns=&#8221;default&#8221; icon_size=&#8221;medium&#8221; icon_style=&#8221;no-border&#8221;][nectar_icon_list_item icon_type=&#8221;icon&#8221; icon_family=&#8221;iconsmind&#8221; title=&#8221;List Item&#8221; id=&#8221;1615922617102-6&#8243; header=&#8221;MEDICINA E SA\u00daDE&#8221; text=&#8221;Hospitais, Cl\u00ednicas, Centros de Sa\u00fade, Laborat\u00f3rios, Centros de Di\u00e1lise, Ambulat\u00f3rios.&#8221; icon_iconsmind=&#8221;iconsmind-Heart&#8221; tab_id=&#8221;1615922617103-2&#8243;][vc_column_text][\/vc_column_text][\/nectar_icon_list_item][nectar_icon_list_item icon_type=&#8221;icon&#8221; icon_family=&#8221;iconsmind&#8221; title=&#8221;List Item&#8221; id=&#8221;1615922617147-6&#8243; header=&#8221;ENERGIA&#8221; text=&#8221;El\u00e9trico, Solar T\u00e9rmico, Biomassa, Biodiesel, Ciclo Combinado, Nuclear.&#8221; icon_iconsmind=&#8221;iconsmind-Green-Energy&#8221; tab_id=&#8221;1615922617148-1&#8243;][vc_column_text][\/vc_column_text][\/nectar_icon_list_item][nectar_icon_list_item icon_type=&#8221;icon&#8221; icon_family=&#8221;iconsmind&#8221; title=&#8221;List Item&#8221; id=&#8221;1615922617176-0&#8243; header=&#8221;ENGENHARIA&#8221; text=&#8221;Empresas de Constru\u00e7\u00e3o, Tratamento de \u00c1gua, Consultorias Ambientais.&#8221; icon_iconsmind=&#8221;iconsmind-Gears&#8221; tab_id=&#8221;1615922617177-2&#8243;][vc_column_text][\/vc_column_text][\/nectar_icon_list_item][nectar_icon_list_item icon_type=&#8221;icon&#8221; icon_family=&#8221;iconsmind&#8221; title=&#8221;List Item&#8221; id=&#8221;1615922617196-0&#8243; header=&#8221;IND\u00daSTRIA QU\u00cdMICA&#8221; text=&#8221;T\u00eaxtil, Qu\u00edmicos de Base, Vidro, Farmac\u00eauticos, Papel, Tintas, Petroqu\u00edmicos, Pl\u00e1sticos.&#8221; icon_iconsmind=&#8221;iconsmind-Chemical&#8221; tab_id=&#8221;1615922617197-2&#8243;][vc_column_text][\/vc_column_text][\/nectar_icon_list_item][nectar_icon_list_item icon_type=&#8221;icon&#8221; icon_family=&#8221;iconsmind&#8221; title=&#8221;List Item&#8221; id=&#8221;1615922617221-8&#8243; header=&#8221;AGROALIMENTAR&#8221; text=&#8221;Azeite, Azeitona, Congelados, Matadouros, Latic\u00ednios, Farinha, Bebidas, Conservas, Adegas, Frutas e Legumes.&#8221; icon_iconsmind=&#8221;iconsmind-Newsvine&#8221; tab_id=&#8221;1615922617222-3&#8243;][vc_column_text][\/vc_column_text][\/nectar_icon_list_item][nectar_icon_list_item icon_type=&#8221;icon&#8221; icon_family=&#8221;iconsmind&#8221; title=&#8221;List Item&#8221; id=&#8221;1615922617346-6&#8243; header=&#8221;METALURGIA&#8221; text=&#8221;Siderurgias, Minas, Fundi\u00e7\u00f5es, Tratamentos de Superf\u00edcie&#8221; icon_iconsmind=&#8221;iconsmind-Hammer&#8221; tab_id=&#8221;1615922617347-9&#8243;][vc_column_text][\/vc_column_text][\/nectar_icon_list_item][nectar_icon_list_item icon_type=&#8221;icon&#8221; icon_family=&#8221;iconsmind&#8221; title=&#8221;List Item&#8221; id=&#8221;1615922617377-10&#8243; header=&#8221;OUTROS&#8221; text=&#8221;Aeron\u00e1utica, Restaura\u00e7\u00e3o, Centros Log\u00edsticos, Organismos P\u00fablicos, Aterros Sanit\u00e1rios, Empresas de Gest\u00e3o de Res\u00edduos,&#8221; icon_iconsmind=&#8221;iconsmind-Letter-Open&#8221; tab_id=&#8221;1615922617378-1&#8243;][vc_column_text][\/vc_column_text][\/nectar_icon_list_item][\/nectar_icon_list][vc_row_inner equal_height=&#8221;yes&#8221; content_placement=&#8221;top&#8221; column_margin=&#8221;default&#8221; column_direction=&#8221;default&#8221; column_direction_tablet=&#8221;default&#8221; column_direction_phone=&#8221;default&#8221; text_align=&#8221;left&#8221;][vc_column_inner column_padding=&#8221;no-extra-padding&#8221; column_padding_tablet=&#8221;inherit&#8221; column_padding_phone=&#8221;inherit&#8221; column_padding_position=&#8221;all&#8221; top_margin=&#8221;-20&#8243; background_color_opacity=&#8221;1&#8243; background_hover_color_opacity=&#8221;1&#8243; column_shadow=&#8221;none&#8221; column_border_radius=&#8221;none&#8221; column_link_target=&#8221;_self&#8221; gradient_direction=&#8221;left_to_right&#8221; overlay_strength=&#8221;0.3&#8243; width=&#8221;1\/3&#8243; tablet_width_inherit=&#8221;default&#8221; column_border_width=&#8221;none&#8221; column_border_style=&#8221;solid&#8221; bg_image_animation=&#8221;none&#8221;][vc_column_text css_animation=&#8221;fadeInRightBig&#8221;]<span style=\"color: #e3e3e3;\">A vasta experi\u00eancia da <strong><span style=\"color: #0971ce;\">J. Huesa<\/span><\/strong> no setor da \u00e1gua permitiu-nos, juntamente com a experi\u00eancia em I+D+i no setor, especializarmo-nos no tratamento da \u00e1gua independentemente da sua origem e utiliza\u00e7\u00e3o final. Em suma, oferecemos solu\u00e7\u00f5es feitas \u00e0 medida para o ciclo integral da \u00e1gua, atuando nas diferentes \u00e1reas de a\u00e7\u00e3o.<\/span><\/p>\n<p><span style=\"color: #e3e3e3;\">Isto \u00e9 desenvolvido atrav\u00e9s da sele\u00e7\u00e3o e combina\u00e7\u00e3o das tecnologias mais adequadas, que \u00e9 realizada de acordo com o setor com que estamos a lidar e os problemas que enfrentamos.<\/span>[\/vc_column_text][\/vc_column_inner][vc_column_inner column_padding=&#8221;padding-3-percent&#8221; column_padding_tablet=&#8221;inherit&#8221; column_padding_phone=&#8221;inherit&#8221; column_padding_position=&#8221;all&#8221; top_margin=&#8221;-220&#8243; top_margin_phone=&#8221;0&#8243; background_color_opacity=&#8221;1&#8243; background_hover_color_opacity=&#8221;1&#8243; column_shadow=&#8221;none&#8221; column_border_radius=&#8221;none&#8221; column_link_target=&#8221;_self&#8221; gradient_direction=&#8221;left_to_right&#8221; overlay_strength=&#8221;0.3&#8243; width=&#8221;2\/3&#8243; tablet_width_inherit=&#8221;default&#8221; column_border_width=&#8221;none&#8221; column_border_style=&#8221;solid&#8221; bg_image_animation=&#8221;none&#8221;][nectar_video_player_self_hosted video_mp4=&#8221;https:\/\/jhuesa.com\/wp-content\/uploads\/2021\/03\/Sectores-en-portugues.mp4&#8243; video_image=&#8221;6495&#8243; hide_controls=&#8221;yes&#8221; loop=&#8221;yes&#8221; autoplay=&#8221;yes&#8221; border_radius=&#8221;10px&#8221; box_shadow=&#8221;x_large_depth&#8221;][\/vc_column_inner][\/vc_row_inner][\/vc_column][\/vc_row][vc_row type=&#8221;full_width_background&#8221; full_screen_row_position=&#8221;middle&#8221; column_margin=&#8221;default&#8221; column_direction=&#8221;default&#8221; column_direction_tablet=&#8221;default&#8221; column_direction_phone=&#8221;default&#8221; bg_color=&#8221;#ffffff&#8221; scene_position=&#8221;center&#8221; top_padding=&#8221;3%&#8221; bottom_padding=&#8221;3%&#8221; text_color=&#8221;dark&#8221; text_align=&#8221;left&#8221; row_border_radius=&#8221;none&#8221; row_border_radius_applies=&#8221;bg&#8221; color_overlay=&#8221;#e2e2e2&#8243; overlay_strength=&#8221;0.3&#8243; gradient_direction=&#8221;left_to_right&#8221; shape_divider_position=&#8221;bottom&#8221; bg_image_animation=&#8221;none&#8221; shape_type=&#8221;curve_opacity&#8221;][vc_column column_padding=&#8221;no-extra-padding&#8221; column_padding_tablet=&#8221;inherit&#8221; column_padding_phone=&#8221;inherit&#8221; column_padding_position=&#8221;all&#8221; background_color_opacity=&#8221;1&#8243; background_hover_color_opacity=&#8221;1&#8243; column_shadow=&#8221;none&#8221; column_border_radius=&#8221;none&#8221; column_link_target=&#8221;_self&#8221; gradient_direction=&#8221;left_to_right&#8221; overlay_strength=&#8221;0.3&#8243; width=&#8221;1\/1&#8243; tablet_width_inherit=&#8221;default&#8221; tablet_text_alignment=&#8221;default&#8221; phone_text_alignment=&#8221;default&#8221; column_border_width=&#8221;none&#8221; column_border_style=&#8221;solid&#8221; bg_image_animation=&#8221;none&#8221;][vc_gallery type=&#8221;image_grid&#8221; images=&#8221;6316,6079,7080,7319,6734,6763,6820,6840&#8243; layout=&#8221;4&#8243; item_spacing=&#8221;1px&#8221; gallery_style=&#8221;7&#8243; load_in_animation=&#8221;none&#8221;][\/vc_column][\/vc_row]\n","protected":false},"excerpt":{"rendered":"<p>[vc_row type=&#8221;full_width_background&#8221; full_screen_row_position=&#8221;middle&#8221; column_margin=&#8221;default&#8221; column_direction=&#8221;default&#8221; column_direction_tablet=&#8221;default&#8221; column_direction_phone=&#8221;default&#8221; bg_color=&#8221;#0971ce&#8221; scene_position=&#8221;center&#8221; top_padding=&#8221;7%&#8221; bottom_padding=&#8221;3%&#8221; text_color=&#8221;light&#8221; text_align=&#8221;left&#8221; row_border_radius=&#8221;none&#8221; row_border_radius_applies=&#8221;bg&#8221; id=&#8221;culture&#8221; enable_gradient=&#8221;true&#8221; color_overlay=&#8221;#0a0a0a&#8221; color_overlay_2=&#8221;rgba(10,10,10,0.8)&#8221; overlay_strength=&#8221;0.5&#8243; gradient_direction=&#8221;top_to_bottom&#8221; shape_divider_position=&#8221;bottom&#8221; bg_image_animation=&#8221;zoom-out-slow&#8221; shape_type=&#8221;&#8221;][vc_column column_padding=&#8221;no-extra-padding&#8221; column_padding_tablet=&#8221;inherit&#8221; column_padding_phone=&#8221;inherit&#8221; column_padding_position=&#8221;top&#8221; background_color_opacity=&#8221;1&#8243; background_hover_color_opacity=&#8221;1&#8243;&#8230;<\/p>\n","protected":false},"author":1,"featured_media":0,"parent":0,"menu_order":0,"comment_status":"closed","ping_status":"closed","template":"","meta":{"footnotes":""},"class_list":["post-12680","page","type-page","status-publish"],"yoast_head":"<!-- This site is optimized with the Yoast SEO Premium plugin v23.9 (Yoast SEO v27.3) - https:\/\/yoast.com\/product\/yoast-seo-premium-wordpress\/ -->\n<title>Setores - J. Huesa Water Technology - Tratamiento de aguas<\/title>\n<meta name=\"description\" content=\"Setores\" \/>\n<meta name=\"robots\" content=\"index, follow, max-snippet:-1, max-image-preview:large, max-video-preview:-1\" \/>\n<link rel=\"canonical\" href=\"https:\/\/jhuesa.com\/pt-pt\/setores\" \/>\n<meta property=\"og:locale\" content=\"pt_PT\" \/>\n<meta property=\"og:type\" content=\"article\" \/>\n<meta property=\"og:title\" content=\"Setores\" \/>\n<meta property=\"og:description\" content=\"Setores\" \/>\n<meta property=\"og:url\" content=\"https:\/\/jhuesa.com\/pt-pt\/setores\" \/>\n<meta property=\"og:site_name\" content=\"J. Huesa Water Technology - Tratamiento de aguas\" \/>\n<meta property=\"article:publisher\" content=\"https:\/\/www.facebook.com\/JHuesaSL\/\" \/>\n<meta property=\"article:modified_time\" content=\"2021-03-16T19:27:37+00:00\" \/>\n<meta name=\"twitter:card\" content=\"summary_large_image\" \/>\n<meta name=\"twitter:site\" content=\"@JHUESASL\" \/>\n<meta name=\"twitter:label1\" content=\"Tempo estimado de leitura\" \/>\n\t<meta name=\"twitter:data1\" content=\"2 minutos\" \/>\n<script type=\"application\/ld+json\" class=\"yoast-schema-graph\">{\"@context\":\"https:\\\/\\\/schema.org\",\"@graph\":[{\"@type\":\"WebPage\",\"@id\":\"https:\\\/\\\/jhuesa.com\\\/pt-pt\\\/setores\",\"url\":\"https:\\\/\\\/jhuesa.com\\\/pt-pt\\\/setores\",\"name\":\"Setores - J. Huesa Water Technology - Tratamiento de aguas\",\"isPartOf\":{\"@id\":\"https:\\\/\\\/jhuesa.com\\\/#website\"},\"datePublished\":\"2020-12-01T12:23:43+00:00\",\"dateModified\":\"2021-03-16T19:27:37+00:00\",\"description\":\"Setores\",\"breadcrumb\":{\"@id\":\"https:\\\/\\\/jhuesa.com\\\/pt-pt\\\/setores#breadcrumb\"},\"inLanguage\":\"pt-PT\",\"potentialAction\":[{\"@type\":\"ReadAction\",\"target\":[\"https:\\\/\\\/jhuesa.com\\\/pt-pt\\\/setores\"]}]},{\"@type\":\"BreadcrumbList\",\"@id\":\"https:\\\/\\\/jhuesa.com\\\/pt-pt\\\/setores#breadcrumb\",\"itemListElement\":[{\"@type\":\"ListItem\",\"position\":1,\"name\":\"Portada\",\"item\":\"https:\\\/\\\/jhuesa.com\\\/pt-pt\"},{\"@type\":\"ListItem\",\"position\":2,\"name\":\"Setores\"}]},{\"@type\":\"WebSite\",\"@id\":\"https:\\\/\\\/jhuesa.com\\\/#website\",\"url\":\"https:\\\/\\\/jhuesa.com\\\/\",\"name\":\"J. Huesa Water Technology - Tratamiento de aguas\",\"description\":\"Tratamiento de aguas\",\"publisher\":{\"@id\":\"https:\\\/\\\/jhuesa.com\\\/#organization\"},\"potentialAction\":[{\"@type\":\"SearchAction\",\"target\":{\"@type\":\"EntryPoint\",\"urlTemplate\":\"https:\\\/\\\/jhuesa.com\\\/?s={search_term_string}\"},\"query-input\":{\"@type\":\"PropertyValueSpecification\",\"valueRequired\":true,\"valueName\":\"search_term_string\"}}],\"inLanguage\":\"pt-PT\"},{\"@type\":\"Organization\",\"@id\":\"https:\\\/\\\/jhuesa.com\\\/#organization\",\"name\":\"Tratamiento de Aguas Jhuesa\",\"url\":\"https:\\\/\\\/jhuesa.com\\\/\",\"logo\":{\"@type\":\"ImageObject\",\"inLanguage\":\"pt-PT\",\"@id\":\"https:\\\/\\\/jhuesa.com\\\/#\\\/schema\\\/logo\\\/image\\\/\",\"url\":\"https:\\\/\\\/jhuesa.com\\\/wp-content\\\/uploads\\\/2020\\\/12\\\/logo-jhuesa.png\",\"contentUrl\":\"https:\\\/\\\/jhuesa.com\\\/wp-content\\\/uploads\\\/2020\\\/12\\\/logo-jhuesa.png\",\"width\":600,\"height\":181,\"caption\":\"Tratamiento de Aguas Jhuesa\"},\"image\":{\"@id\":\"https:\\\/\\\/jhuesa.com\\\/#\\\/schema\\\/logo\\\/image\\\/\"},\"sameAs\":[\"https:\\\/\\\/www.facebook.com\\\/JHuesaSL\\\/\",\"https:\\\/\\\/x.com\\\/JHUESASL\",\"https:\\\/\\\/www.linkedin.com\\\/company\\\/j--huesa-s-l-\\\/\",\"https:\\\/\\\/www.youtube.com\\\/channel\\\/UCVRBxPrFTP9apU70w80U9qQ\"]}]}<\/script>\n<!-- \/ Yoast SEO Premium plugin. -->","yoast_head_json":{"title":"Setores - J. Huesa Water Technology - Tratamiento de aguas","description":"Setores","robots":{"index":"index","follow":"follow","max-snippet":"max-snippet:-1","max-image-preview":"max-image-preview:large","max-video-preview":"max-video-preview:-1"},"canonical":"https:\/\/jhuesa.com\/pt-pt\/setores","og_locale":"pt_PT","og_type":"article","og_title":"Setores","og_description":"Setores","og_url":"https:\/\/jhuesa.com\/pt-pt\/setores","og_site_name":"J. Huesa Water Technology - Tratamiento de aguas","article_publisher":"https:\/\/www.facebook.com\/JHuesaSL\/","article_modified_time":"2021-03-16T19:27:37+00:00","twitter_card":"summary_large_image","twitter_site":"@JHUESASL","twitter_misc":{"Tempo estimado de leitura":"2 minutos"},"schema":{"@context":"https:\/\/schema.org","@graph":[{"@type":"WebPage","@id":"https:\/\/jhuesa.com\/pt-pt\/setores","url":"https:\/\/jhuesa.com\/pt-pt\/setores","name":"Setores - J. Huesa Water Technology - Tratamiento de aguas","isPartOf":{"@id":"https:\/\/jhuesa.com\/#website"},"datePublished":"2020-12-01T12:23:43+00:00","dateModified":"2021-03-16T19:27:37+00:00","description":"Setores","breadcrumb":{"@id":"https:\/\/jhuesa.com\/pt-pt\/setores#breadcrumb"},"inLanguage":"pt-PT","potentialAction":[{"@type":"ReadAction","target":["https:\/\/jhuesa.com\/pt-pt\/setores"]}]},{"@type":"BreadcrumbList","@id":"https:\/\/jhuesa.com\/pt-pt\/setores#breadcrumb","itemListElement":[{"@type":"ListItem","position":1,"name":"Portada","item":"https:\/\/jhuesa.com\/pt-pt"},{"@type":"ListItem","position":2,"name":"Setores"}]},{"@type":"WebSite","@id":"https:\/\/jhuesa.com\/#website","url":"https:\/\/jhuesa.com\/","name":"J. Huesa Water Technology - Tratamiento de aguas","description":"Tratamiento de aguas","publisher":{"@id":"https:\/\/jhuesa.com\/#organization"},"potentialAction":[{"@type":"SearchAction","target":{"@type":"EntryPoint","urlTemplate":"https:\/\/jhuesa.com\/?s={search_term_string}"},"query-input":{"@type":"PropertyValueSpecification","valueRequired":true,"valueName":"search_term_string"}}],"inLanguage":"pt-PT"},{"@type":"Organization","@id":"https:\/\/jhuesa.com\/#organization","name":"Tratamiento de Aguas Jhuesa","url":"https:\/\/jhuesa.com\/","logo":{"@type":"ImageObject","inLanguage":"pt-PT","@id":"https:\/\/jhuesa.com\/#\/schema\/logo\/image\/","url":"https:\/\/jhuesa.com\/wp-content\/uploads\/2020\/12\/logo-jhuesa.png","contentUrl":"https:\/\/jhuesa.com\/wp-content\/uploads\/2020\/12\/logo-jhuesa.png","width":600,"height":181,"caption":"Tratamiento de Aguas Jhuesa"},"image":{"@id":"https:\/\/jhuesa.com\/#\/schema\/logo\/image\/"},"sameAs":["https:\/\/www.facebook.com\/JHuesaSL\/","https:\/\/x.com\/JHUESASL","https:\/\/www.linkedin.com\/company\/j--huesa-s-l-\/","https:\/\/www.youtube.com\/channel\/UCVRBxPrFTP9apU70w80U9qQ"]}]}},"_links":{"self":[{"href":"https:\/\/jhuesa.com\/pt-pt\/wp-json\/wp\/v2\/pages\/12680","targetHints":{"allow":["GET"]}}],"collection":[{"href":"https:\/\/jhuesa.com\/pt-pt\/wp-json\/wp\/v2\/pages"}],"about":[{"href":"https:\/\/jhuesa.com\/pt-pt\/wp-json\/wp\/v2\/types\/page"}],"author":[{"embeddable":true,"href":"https:\/\/jhuesa.com\/pt-pt\/wp-json\/wp\/v2\/users\/1"}],"replies":[{"embeddable":true,"href":"https:\/\/jhuesa.com\/pt-pt\/wp-json\/wp\/v2\/comments?post=12680"}],"version-history":[{"count":5,"href":"https:\/\/jhuesa.com\/pt-pt\/wp-json\/wp\/v2\/pages\/12680\/revisions"}],"predecessor-version":[{"id":13486,"href":"https:\/\/jhuesa.com\/pt-pt\/wp-json\/wp\/v2\/pages\/12680\/revisions\/13486"}],"wp:attachment":[{"href":"https:\/\/jhuesa.com\/pt-pt\/wp-json\/wp\/v2\/media?parent=12680"}],"curies":[{"name":"wp","href":"https:\/\/api.w.org\/{rel}","templated":true}]}}