{"id":12595,"date":"2021-01-27T22:55:43","date_gmt":"2021-01-27T22:55:43","guid":{"rendered":"https:\/\/jhuesa.com\/activity\/postventa\/recogida-toma-de-muestras-y-control-analitico"},"modified":"2021-03-25T08:29:23","modified_gmt":"2021-03-25T08:29:23","slug":"recolha-amostragem-e-controlo-analitico","status":"publish","type":"page","link":"https:\/\/jhuesa.com\/pt-pt\/actividade\/pos-venda\/recolha-amostragem-e-controlo-analitico","title":{"rendered":"Recolha, amostragem e controlo anal\u00edtico"},"content":{"rendered":"[vc_row type=&#8221;full_width_background&#8221; full_screen_row_position=&#8221;middle&#8221; column_margin=&#8221;default&#8221; column_direction=&#8221;default&#8221; column_direction_tablet=&#8221;default&#8221; column_direction_phone=&#8221;default&#8221; bg_image=&#8221;7172&#8243; bg_position=&#8221;left top&#8221; bg_repeat=&#8221;no-repeat&#8221; scene_position=&#8221;center&#8221; top_padding=&#8221;7%&#8221; bottom_padding=&#8221;3%&#8221; text_color=&#8221;light&#8221; text_align=&#8221;left&#8221; row_border_radius=&#8221;none&#8221; row_border_radius_applies=&#8221;bg&#8221; id=&#8221;culture&#8221; enable_gradient=&#8221;true&#8221; color_overlay=&#8221;#0a0a0a&#8221; color_overlay_2=&#8221;rgba(10,10,10,0.8)&#8221; overlay_strength=&#8221;0.5&#8243; gradient_direction=&#8221;top_to_bottom&#8221; shape_divider_position=&#8221;bottom&#8221; bg_image_animation=&#8221;zoom-out-slow&#8221; shape_type=&#8221;&#8221;][vc_column column_padding=&#8221;no-extra-padding&#8221; column_padding_tablet=&#8221;inherit&#8221; column_padding_phone=&#8221;inherit&#8221; column_padding_position=&#8221;top&#8221; background_color_opacity=&#8221;1&#8243; background_hover_color_opacity=&#8221;1&#8243; column_shadow=&#8221;none&#8221; column_border_radius=&#8221;none&#8221; column_link_target=&#8221;_self&#8221; gradient_direction=&#8221;left_to_right&#8221; overlay_strength=&#8221;0.3&#8243; width=&#8221;1\/1&#8243; tablet_width_inherit=&#8221;default&#8221; tablet_text_alignment=&#8221;default&#8221; phone_text_alignment=&#8221;default&#8221; column_border_width=&#8221;none&#8221; column_border_style=&#8221;solid&#8221; bg_image_animation=&#8221;none&#8221;][divider line_type=&#8221;No Line&#8221; custom_height=&#8221;100&#8243; custom_height_phone=&#8221;10&#8243;][vc_custom_heading text=&#8221;P\u00f3s-Venda&#8221; font_container=&#8221;tag:p|font_size:20|text_align:right|color:%2379a7ce&#8221; use_theme_fonts=&#8221;yes&#8221; css=&#8221;.vc_custom_1616660903515{margin-bottom: -20px !important;}&#8221;][vc_custom_heading text=&#8221;RECOLHA, AMOSTRAGEM E CONTROLO ANAL\u00cdTICO&#8221; font_container=&#8221;tag:h1|font_size:34|text_align:right|color:%23ffffff&#8221; use_theme_fonts=&#8221;yes&#8221;][\/vc_column][\/vc_row][vc_row type=&#8221;full_width_background&#8221; full_screen_row_position=&#8221;middle&#8221; column_margin=&#8221;default&#8221; column_direction=&#8221;default&#8221; column_direction_tablet=&#8221;default&#8221; column_direction_phone=&#8221;default&#8221; scene_position=&#8221;center&#8221; text_color=&#8221;dark&#8221; text_align=&#8221;left&#8221; row_border_radius=&#8221;none&#8221; row_border_radius_applies=&#8221;bg&#8221; overlay_strength=&#8221;0.3&#8243; gradient_direction=&#8221;left_to_right&#8221; shape_divider_position=&#8221;bottom&#8221; bg_image_animation=&#8221;none&#8221; shape_type=&#8221;&#8221;][vc_column column_padding=&#8221;padding-5-percent&#8221; column_padding_tablet=&#8221;inherit&#8221; column_padding_phone=&#8221;inherit&#8221; column_padding_position=&#8221;top-bottom&#8221; background_color_opacity=&#8221;1&#8243; background_hover_color_opacity=&#8221;1&#8243; column_shadow=&#8221;none&#8221; column_border_radius=&#8221;none&#8221; column_link_target=&#8221;_self&#8221; gradient_direction=&#8221;left_to_right&#8221; overlay_strength=&#8221;0.3&#8243; width=&#8221;2\/3&#8243; tablet_width_inherit=&#8221;default&#8221; tablet_text_alignment=&#8221;default&#8221; phone_text_alignment=&#8221;default&#8221; column_border_width=&#8221;none&#8221; column_border_style=&#8221;solid&#8221; bg_image_animation=&#8221;none&#8221;][vc_column_text css_animation=&#8221;fadeInDownBig&#8221;]Para completar a atividade da <span style=\"color: #0971ce;\"><strong>J. Huesa,<\/strong><\/span> temos o departamento de p\u00f3s-venda, especializado na <strong>opera\u00e7\u00e3o e manuten\u00e7\u00e3o (O&amp;M)<\/strong> de instala\u00e7\u00f5es de tratamento de \u00e1gua.<\/p>\n<p>A nossa m\u00e1xima de trabalho consiste em oferecer aos nossos clientes servi\u00e7os personalizados, com a premissa de melhorar o desempenho da instala\u00e7\u00e3o do ponto de vista t\u00e9cnico, econ\u00f3mico e ambiental.[\/vc_column_text][vc_column_text css_animation=&#8221;fadeInDownBig&#8221;]Este tipo de opera\u00e7\u00e3o permite-nos quantificar e parametrizar o funcionamento da instala\u00e7\u00e3o de \u00e1gua. A amostragem pode ser pontual ou composta, dependendo da instala\u00e7\u00e3o com a qual estamos a lidar. Adaptamo-nos \u00e0s necessidades dos nossos clientes e verificamos a sua conformidade com a legisla\u00e7\u00e3o atual, dependendo da utiliza\u00e7\u00e3o da \u00e1gua.[\/vc_column_text][vc_column_text css_animation=&#8221;fadeInDownBig&#8221;]\n<h3>\u00c1gua utilizada em processos industriais<\/h3>\n[\/vc_column_text][vc_column_text css_animation=&#8221;fadeInDownBig&#8221;]A utiliza\u00e7\u00e3o da \u00e1gua no setor industrial \u00e9 t\u00e3o ampla que, dependendo da sua aplica\u00e7\u00e3o, pode ter certos problemas. Para evitar perdas devidas a paragens de produ\u00e7\u00e3o, deve ser efetuada uma amostragem para avaliar os problemas de \u00e1gua. Podemos encontrar-nos com:[\/vc_column_text]<div class=\"nectar-fancy-ul\" data-list-icon=\"steadysets-icon-arrow-right\" data-animation=\"true\" data-animation-delay=\"0\" data-color=\"accent-color\" data-spacing=\"default\" data-alignment=\"left\"> \n<ul>\n<li>Sedimenta\u00e7\u00e3o da \u00e1gua<\/li>\n<li>Incrusta\u00e7\u00f5es<\/li>\n<li>Diferentes tipos de corros\u00e3o<\/li>\n<li>Contamina\u00e7\u00e3o org\u00e2nica<\/li>\n<li>Legionelose<\/li>\n<\/ul>\n <\/div>[vc_column_text css_animation=&#8221;fadeInDownBig&#8221;]\n<h3>\u00c1guas pot\u00e1veis<\/h3>\n[\/vc_column_text][vc_column_text css_animation=&#8221;fadeInDownBig&#8221;]Tanto as destinadas ao consumo humano como as utilizadas em processos industriais no setor agro-alimentar. Em conformidade com a legisla\u00e7\u00e3o nacional e setorial em vigor, \u00e9 necess\u00e1rio efetuar controlos de qualidade f\u00edsica, qu\u00edmica, biol\u00f3gica e microbiol\u00f3gica (preven\u00e7\u00e3o da legionelose).[\/vc_column_text][\/vc_column][vc_column column_padding=&#8221;padding-3-percent&#8221; column_padding_tablet=&#8221;inherit&#8221; column_padding_phone=&#8221;inherit&#8221; column_padding_position=&#8221;all&#8221; top_margin=&#8221;4%&#8221; constrain_group_1=&#8221;yes&#8221; bottom_margin=&#8221;4%&#8221; background_color=&#8221;#0971ce&#8221; background_color_opacity=&#8221;1&#8243; background_hover_color_opacity=&#8221;1&#8243; column_shadow=&#8221;none&#8221; column_border_radius=&#8221;none&#8221; column_link_target=&#8221;_self&#8221; gradient_direction=&#8221;top_to_bottom&#8221; overlay_strength=&#8221;0.5&#8243; width=&#8221;1\/3&#8243; tablet_width_inherit=&#8221;default&#8221; tablet_text_alignment=&#8221;default&#8221; phone_text_alignment=&#8221;default&#8221; column_border_width=&#8221;none&#8221; column_border_style=&#8221;solid&#8221; bg_image_animation=&#8221;none&#8221;][morphing_outline starting_color=&#8221;#ffffff&#8221; hover_color=&#8221;#b5e1fa&#8221; border_thickness=&#8221;10&#8243;]\n<h3 style=\"text-align: center;\"><span style=\"color: #ffffff;\">&#8220;Oferecemos uma aten\u00e7\u00e3o personalizada a todos os nossos clientes&#8221;<\/span><\/h3>\n[\/morphing_outline][\/vc_column][\/vc_row][vc_row type=&#8221;full_width_content&#8221; full_screen_row_position=&#8221;middle&#8221; column_margin=&#8221;default&#8221; equal_height=&#8221;yes&#8221; content_placement=&#8221;middle&#8221; column_direction=&#8221;default&#8221; column_direction_tablet=&#8221;default&#8221; column_direction_phone=&#8221;default&#8221; scene_position=&#8221;center&#8221; text_color=&#8221;dark&#8221; text_align=&#8221;left&#8221; row_border_radius=&#8221;none&#8221; row_border_radius_applies=&#8221;bg&#8221; overlay_strength=&#8221;0.5&#8243; gradient_direction=&#8221;left_to_right&#8221; shape_divider_position=&#8221;bottom&#8221; bg_image_animation=&#8221;fade-in&#8221; shape_type=&#8221;&#8221;][vc_column column_padding=&#8221;padding-5-percent&#8221; column_padding_tablet=&#8221;inherit&#8221; column_padding_phone=&#8221;inherit&#8221; column_padding_position=&#8221;all&#8221; background_color_opacity=&#8221;1&#8243; background_hover_color_opacity=&#8221;1&#8243; background_image=&#8221;7171&#8243; background_image_position=&#8221;center center&#8221; enable_bg_scale=&#8221;true&#8221; column_shadow=&#8221;none&#8221; column_border_radius=&#8221;none&#8221; column_link_target=&#8221;_self&#8221; gradient_direction=&#8221;left_to_right&#8221; overlay_strength=&#8221;0.3&#8243; width=&#8221;1\/2&#8243; tablet_width_inherit=&#8221;default&#8221; tablet_text_alignment=&#8221;default&#8221; phone_text_alignment=&#8221;default&#8221; column_border_width=&#8221;none&#8221; column_border_style=&#8221;solid&#8221; bg_image_animation=&#8221;zoom-out-slow&#8221;][\/vc_column][vc_column column_padding=&#8221;padding-5-percent&#8221; column_padding_tablet=&#8221;inherit&#8221; column_padding_phone=&#8221;inherit&#8221; column_padding_position=&#8221;all&#8221; background_color=&#8221;#ffffff&#8221; background_color_opacity=&#8221;1&#8243; background_hover_color_opacity=&#8221;1&#8243; column_shadow=&#8221;none&#8221; column_border_radius=&#8221;none&#8221; column_link_target=&#8221;_self&#8221; color_overlay_2=&#8221;#ffffff&#8221; gradient_direction=&#8221;left_to_right&#8221; overlay_strength=&#8221;0.5&#8243; width=&#8221;1\/2&#8243; tablet_width_inherit=&#8221;default&#8221; tablet_text_alignment=&#8221;default&#8221; phone_text_alignment=&#8221;default&#8221; column_border_width=&#8221;none&#8221; column_border_style=&#8221;solid&#8221; bg_image_animation=&#8221;none&#8221;][vc_row_inner equal_height=&#8221;yes&#8221; column_margin=&#8221;20px&#8221; column_direction=&#8221;default&#8221; column_direction_tablet=&#8221;default&#8221; column_direction_phone=&#8221;default&#8221; text_align=&#8221;left&#8221;][vc_column_inner column_padding=&#8221;no-extra-padding&#8221; column_padding_tablet=&#8221;inherit&#8221; column_padding_phone=&#8221;inherit&#8221; column_padding_position=&#8221;all&#8221; background_color_opacity=&#8221;1&#8243; background_hover_color_opacity=&#8221;1&#8243; column_shadow=&#8221;none&#8221; column_border_radius=&#8221;none&#8221; column_link_target=&#8221;_self&#8221; gradient_direction=&#8221;left_to_right&#8221; overlay_strength=&#8221;0.3&#8243; width=&#8221;1\/1&#8243; tablet_width_inherit=&#8221;default&#8221; column_border_width=&#8221;none&#8221; column_border_style=&#8221;solid&#8221; bg_image_animation=&#8221;none&#8221;][vc_column_text css_animation=&#8221;fadeInDownBig&#8221;]\n<h3>\u00c1guas residuais<\/h3>\n[\/vc_column_text][vc_column_text css_animation=&#8221;fadeInDownBig&#8221;]S\u00e3o efetuados controlos internos peri\u00f3dicos, bem como as avalia\u00e7\u00f5es necess\u00e1rias para estudar um novo sistema de tratamento ou para cumprir os requisitos da administra\u00e7\u00e3o. Somos especializados na caracteriza\u00e7\u00e3o de descargas, analisando, entre outros, os seguintes par\u00e2metros: pH, condutividade, turva\u00e7\u00e3o, CQO, CBO5, \u00f3leos e gorduras, metais e outros poluentes dissolvidos.[\/vc_column_text][vc_column_text css_animation=&#8221;fadeInDownBig&#8221;]\n<h3>\u00c1gua recuperada<\/h3>\n[\/vc_column_text][vc_column_text css_animation=&#8221;fadeInDownBig&#8221;]RD 1620\/2007, que estabelece o regime jur\u00eddico para a reutiliza\u00e7\u00e3o de \u00e1gua tratada, inclui o perfil anal\u00edtico a realizar para verificar que a \u00e1gua cumpre os par\u00e2metros de qualidade para a utiliza\u00e7\u00e3o a que deve ser colocada. Alguns dos par\u00e2metros estudados s\u00e3o: turva\u00e7\u00e3o, s\u00f3lidos em suspens\u00e3o, contamina\u00e7\u00e3o microbiol\u00f3gica, metais pesados, entre outros.[\/vc_column_text][\/vc_column_inner][\/vc_row_inner][\/vc_column][\/vc_row][vc_row type=&#8221;full_width_background&#8221; full_screen_row_position=&#8221;middle&#8221; column_margin=&#8221;default&#8221; equal_height=&#8221;yes&#8221; content_placement=&#8221;middle&#8221; column_direction=&#8221;default&#8221; column_direction_tablet=&#8221;default&#8221; column_direction_phone=&#8221;default&#8221; bg_color=&#8221;#0971ce&#8221; scene_position=&#8221;center&#8221; text_color=&#8221;dark&#8221; text_align=&#8221;left&#8221; row_border_radius=&#8221;none&#8221; row_border_radius_applies=&#8221;bg&#8221; enable_gradient=&#8221;true&#8221; color_overlay=&#8221;#000000&#8243; color_overlay_2=&#8221;rgba(10,10,10,0.8)&#8221; overlay_strength=&#8221;0.5&#8243; gradient_direction=&#8221;top_to_bottom&#8221; shape_divider_position=&#8221;bottom&#8221; bg_image_animation=&#8221;none&#8221; shape_type=&#8221;&#8221;][vc_column column_padding=&#8221;padding-4-percent&#8221; column_padding_tablet=&#8221;inherit&#8221; column_padding_phone=&#8221;padding-4-percent&#8221; column_padding_position=&#8221;top-bottom&#8221; centered_text=&#8221;true&#8221; background_color_opacity=&#8221;1&#8243; background_hover_color_opacity=&#8221;1&#8243; column_shadow=&#8221;none&#8221; column_border_radius=&#8221;none&#8221; column_link_target=&#8221;_self&#8221; gradient_direction=&#8221;left_to_right&#8221; overlay_strength=&#8221;0.3&#8243; width=&#8221;1\/2&#8243; tablet_width_inherit=&#8221;default&#8221; tablet_text_alignment=&#8221;default&#8221; phone_text_alignment=&#8221;default&#8221; column_border_width=&#8221;none&#8221; column_border_style=&#8221;solid&#8221; bg_image_animation=&#8221;none&#8221;][vc_column_text css_animation=&#8221;none&#8221;]\n<h2><span style=\"color: #ffffff;\">Especialistas na gest\u00e3o do Ciclo Integral da \u00c1gua<\/span><\/h2>\n[\/vc_column_text][\/vc_column][vc_column column_padding=&#8221;no-extra-padding&#8221; column_padding_tablet=&#8221;inherit&#8221; column_padding_phone=&#8221;padding-4-percent&#8221; column_padding_position=&#8221;bottom&#8221; centered_text=&#8221;true&#8221; background_color_opacity=&#8221;1&#8243; background_hover_color_opacity=&#8221;1&#8243; column_shadow=&#8221;none&#8221; column_border_radius=&#8221;none&#8221; column_link_target=&#8221;_self&#8221; gradient_direction=&#8221;left_to_right&#8221; overlay_strength=&#8221;0.3&#8243; width=&#8221;1\/2&#8243; tablet_width_inherit=&#8221;default&#8221; tablet_text_alignment=&#8221;default&#8221; phone_text_alignment=&#8221;default&#8221; column_border_width=&#8221;none&#8221; column_border_style=&#8221;solid&#8221; bg_image_animation=&#8221;none&#8221;][nectar_btn size=&#8221;jumbo&#8221; button_style=&#8221;regular&#8221; button_color_2=&#8221;Extra-Color-2&#8243; solid_text_color_override=&#8221;#0971ce&#8221; icon_family=&#8221;fontawesome&#8221; text=&#8221;CONTACTO&#8221; url=&#8221;\/pt-pt\/contacto&#8221; icon_fontawesome=&#8221;fa fa-info-circle&#8221;][\/vc_column][\/vc_row]\n","protected":false},"excerpt":{"rendered":"<p>[vc_row type=&#8221;full_width_background&#8221; full_screen_row_position=&#8221;middle&#8221; column_margin=&#8221;default&#8221; column_direction=&#8221;default&#8221; column_direction_tablet=&#8221;default&#8221; column_direction_phone=&#8221;default&#8221; bg_image=&#8221;7172&#8243; bg_position=&#8221;left top&#8221; bg_repeat=&#8221;no-repeat&#8221; scene_position=&#8221;center&#8221; top_padding=&#8221;7%&#8221; bottom_padding=&#8221;3%&#8221; text_color=&#8221;light&#8221; text_align=&#8221;left&#8221; row_border_radius=&#8221;none&#8221; row_border_radius_applies=&#8221;bg&#8221; id=&#8221;culture&#8221; enable_gradient=&#8221;true&#8221; color_overlay=&#8221;#0a0a0a&#8221; color_overlay_2=&#8221;rgba(10,10,10,0.8)&#8221; overlay_strength=&#8221;0.5&#8243; gradient_direction=&#8221;top_to_bottom&#8221; shape_divider_position=&#8221;bottom&#8221; bg_image_animation=&#8221;zoom-out-slow&#8221; shape_type=&#8221;&#8221;][vc_column column_padding=&#8221;no-extra-padding&#8221; column_padding_tablet=&#8221;inherit&#8221; column_padding_phone=&#8221;inherit&#8221;&#8230;<\/p>\n","protected":false},"author":1,"featured_media":0,"parent":12559,"menu_order":4,"comment_status":"closed","ping_status":"closed","template":"","meta":{"footnotes":""},"class_list":["post-12595","page","type-page","status-publish"],"yoast_head":"<!-- This site is optimized with the Yoast SEO Premium plugin v23.9 (Yoast SEO v27.4) - https:\/\/yoast.com\/product\/yoast-seo-premium-wordpress\/ -->\n<title>Recolha, amostragem e controlo anal\u00edtico - J. Huesa Water Technology - Tratamiento de aguas<\/title>\n<meta name=\"description\" content=\"Recolha, amostragem e controlo anal\u00edtico\" \/>\n<meta name=\"robots\" content=\"index, follow, max-snippet:-1, max-image-preview:large, max-video-preview:-1\" \/>\n<link rel=\"canonical\" href=\"https:\/\/jhuesa.com\/pt-pt\/actividade\/pos-venda\/recolha-amostragem-e-controlo-analitico\" \/>\n<meta property=\"og:locale\" content=\"pt_PT\" \/>\n<meta property=\"og:type\" content=\"article\" \/>\n<meta property=\"og:title\" content=\"Recolha, amostragem e controlo anal\u00edtico\" \/>\n<meta property=\"og:description\" content=\"Recolha, amostragem e controlo anal\u00edtico\" \/>\n<meta property=\"og:url\" content=\"https:\/\/jhuesa.com\/pt-pt\/actividade\/pos-venda\/recolha-amostragem-e-controlo-analitico\" \/>\n<meta property=\"og:site_name\" content=\"J. Huesa Water Technology - Tratamiento de aguas\" \/>\n<meta property=\"article:publisher\" content=\"https:\/\/www.facebook.com\/JHuesaSL\/\" \/>\n<meta property=\"article:modified_time\" content=\"2021-03-25T08:29:23+00:00\" \/>\n<meta name=\"twitter:card\" content=\"summary_large_image\" \/>\n<meta name=\"twitter:site\" content=\"@JHUESASL\" \/>\n<meta name=\"twitter:label1\" content=\"Tempo estimado de leitura\" \/>\n\t<meta name=\"twitter:data1\" content=\"3 minutos\" \/>\n<script type=\"application\/ld+json\" class=\"yoast-schema-graph\">{\"@context\":\"https:\\\/\\\/schema.org\",\"@graph\":[{\"@type\":\"WebPage\",\"@id\":\"https:\\\/\\\/jhuesa.com\\\/pt-pt\\\/actividade\\\/pos-venda\\\/recolha-amostragem-e-controlo-analitico\",\"url\":\"https:\\\/\\\/jhuesa.com\\\/pt-pt\\\/actividade\\\/pos-venda\\\/recolha-amostragem-e-controlo-analitico\",\"name\":\"Recolha, amostragem e controlo anal\u00edtico - J. Huesa Water Technology - Tratamiento de aguas\",\"isPartOf\":{\"@id\":\"https:\\\/\\\/jhuesa.com\\\/#website\"},\"datePublished\":\"2021-01-27T22:55:43+00:00\",\"dateModified\":\"2021-03-25T08:29:23+00:00\",\"description\":\"Recolha, amostragem e controlo anal\u00edtico\",\"breadcrumb\":{\"@id\":\"https:\\\/\\\/jhuesa.com\\\/pt-pt\\\/actividade\\\/pos-venda\\\/recolha-amostragem-e-controlo-analitico#breadcrumb\"},\"inLanguage\":\"pt-PT\",\"potentialAction\":[{\"@type\":\"ReadAction\",\"target\":[\"https:\\\/\\\/jhuesa.com\\\/pt-pt\\\/actividade\\\/pos-venda\\\/recolha-amostragem-e-controlo-analitico\"]}]},{\"@type\":\"BreadcrumbList\",\"@id\":\"https:\\\/\\\/jhuesa.com\\\/pt-pt\\\/actividade\\\/pos-venda\\\/recolha-amostragem-e-controlo-analitico#breadcrumb\",\"itemListElement\":[{\"@type\":\"ListItem\",\"position\":1,\"name\":\"Portada\",\"item\":\"https:\\\/\\\/jhuesa.com\\\/pt-pt\"},{\"@type\":\"ListItem\",\"position\":2,\"name\":\"Actividade\",\"item\":\"https:\\\/\\\/jhuesa.com\\\/pt-pt\\\/actividade\"},{\"@type\":\"ListItem\",\"position\":3,\"name\":\"P\u00f3s-venda\",\"item\":\"https:\\\/\\\/jhuesa.com\\\/pt-pt\\\/actividade\\\/pos-venda\"},{\"@type\":\"ListItem\",\"position\":4,\"name\":\"Recolha, amostragem e controlo anal\u00edtico\"}]},{\"@type\":\"WebSite\",\"@id\":\"https:\\\/\\\/jhuesa.com\\\/#website\",\"url\":\"https:\\\/\\\/jhuesa.com\\\/\",\"name\":\"J. Huesa Water Technology - Tratamiento de aguas\",\"description\":\"Tratamiento de aguas\",\"publisher\":{\"@id\":\"https:\\\/\\\/jhuesa.com\\\/#organization\"},\"potentialAction\":[{\"@type\":\"SearchAction\",\"target\":{\"@type\":\"EntryPoint\",\"urlTemplate\":\"https:\\\/\\\/jhuesa.com\\\/?s={search_term_string}\"},\"query-input\":{\"@type\":\"PropertyValueSpecification\",\"valueRequired\":true,\"valueName\":\"search_term_string\"}}],\"inLanguage\":\"pt-PT\"},{\"@type\":\"Organization\",\"@id\":\"https:\\\/\\\/jhuesa.com\\\/#organization\",\"name\":\"Tratamiento de Aguas Jhuesa\",\"url\":\"https:\\\/\\\/jhuesa.com\\\/\",\"logo\":{\"@type\":\"ImageObject\",\"inLanguage\":\"pt-PT\",\"@id\":\"https:\\\/\\\/jhuesa.com\\\/#\\\/schema\\\/logo\\\/image\\\/\",\"url\":\"https:\\\/\\\/jhuesa.com\\\/wp-content\\\/uploads\\\/2020\\\/12\\\/logo-jhuesa.png\",\"contentUrl\":\"https:\\\/\\\/jhuesa.com\\\/wp-content\\\/uploads\\\/2020\\\/12\\\/logo-jhuesa.png\",\"width\":600,\"height\":181,\"caption\":\"Tratamiento de Aguas Jhuesa\"},\"image\":{\"@id\":\"https:\\\/\\\/jhuesa.com\\\/#\\\/schema\\\/logo\\\/image\\\/\"},\"sameAs\":[\"https:\\\/\\\/www.facebook.com\\\/JHuesaSL\\\/\",\"https:\\\/\\\/x.com\\\/JHUESASL\",\"https:\\\/\\\/www.linkedin.com\\\/company\\\/j--huesa-s-l-\\\/\",\"https:\\\/\\\/www.youtube.com\\\/channel\\\/UCVRBxPrFTP9apU70w80U9qQ\"]}]}<\/script>\n<!-- \/ Yoast SEO Premium plugin. -->","yoast_head_json":{"title":"Recolha, amostragem e controlo anal\u00edtico - J. Huesa Water Technology - Tratamiento de aguas","description":"Recolha, amostragem e controlo anal\u00edtico","robots":{"index":"index","follow":"follow","max-snippet":"max-snippet:-1","max-image-preview":"max-image-preview:large","max-video-preview":"max-video-preview:-1"},"canonical":"https:\/\/jhuesa.com\/pt-pt\/actividade\/pos-venda\/recolha-amostragem-e-controlo-analitico","og_locale":"pt_PT","og_type":"article","og_title":"Recolha, amostragem e controlo anal\u00edtico","og_description":"Recolha, amostragem e controlo anal\u00edtico","og_url":"https:\/\/jhuesa.com\/pt-pt\/actividade\/pos-venda\/recolha-amostragem-e-controlo-analitico","og_site_name":"J. Huesa Water Technology - Tratamiento de aguas","article_publisher":"https:\/\/www.facebook.com\/JHuesaSL\/","article_modified_time":"2021-03-25T08:29:23+00:00","twitter_card":"summary_large_image","twitter_site":"@JHUESASL","twitter_misc":{"Tempo estimado de leitura":"3 minutos"},"schema":{"@context":"https:\/\/schema.org","@graph":[{"@type":"WebPage","@id":"https:\/\/jhuesa.com\/pt-pt\/actividade\/pos-venda\/recolha-amostragem-e-controlo-analitico","url":"https:\/\/jhuesa.com\/pt-pt\/actividade\/pos-venda\/recolha-amostragem-e-controlo-analitico","name":"Recolha, amostragem e controlo anal\u00edtico - J. Huesa Water Technology - Tratamiento de aguas","isPartOf":{"@id":"https:\/\/jhuesa.com\/#website"},"datePublished":"2021-01-27T22:55:43+00:00","dateModified":"2021-03-25T08:29:23+00:00","description":"Recolha, amostragem e controlo anal\u00edtico","breadcrumb":{"@id":"https:\/\/jhuesa.com\/pt-pt\/actividade\/pos-venda\/recolha-amostragem-e-controlo-analitico#breadcrumb"},"inLanguage":"pt-PT","potentialAction":[{"@type":"ReadAction","target":["https:\/\/jhuesa.com\/pt-pt\/actividade\/pos-venda\/recolha-amostragem-e-controlo-analitico"]}]},{"@type":"BreadcrumbList","@id":"https:\/\/jhuesa.com\/pt-pt\/actividade\/pos-venda\/recolha-amostragem-e-controlo-analitico#breadcrumb","itemListElement":[{"@type":"ListItem","position":1,"name":"Portada","item":"https:\/\/jhuesa.com\/pt-pt"},{"@type":"ListItem","position":2,"name":"Actividade","item":"https:\/\/jhuesa.com\/pt-pt\/actividade"},{"@type":"ListItem","position":3,"name":"P\u00f3s-venda","item":"https:\/\/jhuesa.com\/pt-pt\/actividade\/pos-venda"},{"@type":"ListItem","position":4,"name":"Recolha, amostragem e controlo anal\u00edtico"}]},{"@type":"WebSite","@id":"https:\/\/jhuesa.com\/#website","url":"https:\/\/jhuesa.com\/","name":"J. Huesa Water Technology - Tratamiento de aguas","description":"Tratamiento de aguas","publisher":{"@id":"https:\/\/jhuesa.com\/#organization"},"potentialAction":[{"@type":"SearchAction","target":{"@type":"EntryPoint","urlTemplate":"https:\/\/jhuesa.com\/?s={search_term_string}"},"query-input":{"@type":"PropertyValueSpecification","valueRequired":true,"valueName":"search_term_string"}}],"inLanguage":"pt-PT"},{"@type":"Organization","@id":"https:\/\/jhuesa.com\/#organization","name":"Tratamiento de Aguas Jhuesa","url":"https:\/\/jhuesa.com\/","logo":{"@type":"ImageObject","inLanguage":"pt-PT","@id":"https:\/\/jhuesa.com\/#\/schema\/logo\/image\/","url":"https:\/\/jhuesa.com\/wp-content\/uploads\/2020\/12\/logo-jhuesa.png","contentUrl":"https:\/\/jhuesa.com\/wp-content\/uploads\/2020\/12\/logo-jhuesa.png","width":600,"height":181,"caption":"Tratamiento de Aguas Jhuesa"},"image":{"@id":"https:\/\/jhuesa.com\/#\/schema\/logo\/image\/"},"sameAs":["https:\/\/www.facebook.com\/JHuesaSL\/","https:\/\/x.com\/JHUESASL","https:\/\/www.linkedin.com\/company\/j--huesa-s-l-\/","https:\/\/www.youtube.com\/channel\/UCVRBxPrFTP9apU70w80U9qQ"]}]}},"_links":{"self":[{"href":"https:\/\/jhuesa.com\/pt-pt\/wp-json\/wp\/v2\/pages\/12595","targetHints":{"allow":["GET"]}}],"collection":[{"href":"https:\/\/jhuesa.com\/pt-pt\/wp-json\/wp\/v2\/pages"}],"about":[{"href":"https:\/\/jhuesa.com\/pt-pt\/wp-json\/wp\/v2\/types\/page"}],"author":[{"embeddable":true,"href":"https:\/\/jhuesa.com\/pt-pt\/wp-json\/wp\/v2\/users\/1"}],"replies":[{"embeddable":true,"href":"https:\/\/jhuesa.com\/pt-pt\/wp-json\/wp\/v2\/comments?post=12595"}],"version-history":[{"count":5,"href":"https:\/\/jhuesa.com\/pt-pt\/wp-json\/wp\/v2\/pages\/12595\/revisions"}],"predecessor-version":[{"id":13927,"href":"https:\/\/jhuesa.com\/pt-pt\/wp-json\/wp\/v2\/pages\/12595\/revisions\/13927"}],"up":[{"embeddable":true,"href":"https:\/\/jhuesa.com\/pt-pt\/wp-json\/wp\/v2\/pages\/12559"}],"wp:attachment":[{"href":"https:\/\/jhuesa.com\/pt-pt\/wp-json\/wp\/v2\/media?parent=12595"}],"curies":[{"name":"wp","href":"https:\/\/api.w.org\/{rel}","templated":true}]}}