{"id":12679,"date":"2020-12-01T12:23:43","date_gmt":"2020-12-01T12:23:43","guid":{"rendered":"https:\/\/jhuesa.com\/sectores"},"modified":"2021-03-24T09:21:07","modified_gmt":"2021-03-24T09:21:07","slug":"secteurs","status":"publish","type":"page","link":"https:\/\/jhuesa.com\/fr\/secteurs","title":{"rendered":"Secteurs"},"content":{"rendered":"[vc_row type=\u00a0\u00bbfull_width_background\u00a0\u00bb full_screen_row_position=\u00a0\u00bbmiddle\u00a0\u00bb column_margin=\u00a0\u00bbdefault\u00a0\u00bb column_direction=\u00a0\u00bbdefault\u00a0\u00bb column_direction_tablet=\u00a0\u00bbdefault\u00a0\u00bb column_direction_phone=\u00a0\u00bbdefault\u00a0\u00bb bg_color=\u00a0\u00bb#0971ce\u00a0\u00bb scene_position=\u00a0\u00bbcenter\u00a0\u00bb top_padding=\u00a0\u00bb7%\u00a0\u00bb bottom_padding=\u00a0\u00bb3%\u00a0\u00bb text_color=\u00a0\u00bblight\u00a0\u00bb text_align=\u00a0\u00bbleft\u00a0\u00bb row_border_radius=\u00a0\u00bbnone\u00a0\u00bb row_border_radius_applies=\u00a0\u00bbbg\u00a0\u00bb id=\u00a0\u00bbculture\u00a0\u00bb enable_gradient=\u00a0\u00bbtrue\u00a0\u00bb color_overlay=\u00a0\u00bb#0a0a0a\u00a0\u00bb color_overlay_2=\u00a0\u00bbrgba(10,10,10,0.8)\u00a0\u00bb overlay_strength=\u00a0\u00bb0.5&Prime; gradient_direction=\u00a0\u00bbtop_to_bottom\u00a0\u00bb shape_divider_position=\u00a0\u00bbbottom\u00a0\u00bb bg_image_animation=\u00a0\u00bbzoom-out-slow\u00a0\u00bb shape_type=\u00a0\u00bb\u00a0\u00bb][vc_column column_padding=\u00a0\u00bbno-extra-padding\u00a0\u00bb column_padding_tablet=\u00a0\u00bbinherit\u00a0\u00bb column_padding_phone=\u00a0\u00bbinherit\u00a0\u00bb column_padding_position=\u00a0\u00bbtop\u00a0\u00bb background_color_opacity=\u00a0\u00bb1&Prime; background_hover_color_opacity=\u00a0\u00bb1&Prime; column_shadow=\u00a0\u00bbnone\u00a0\u00bb column_border_radius=\u00a0\u00bbnone\u00a0\u00bb column_link_target=\u00a0\u00bb_self\u00a0\u00bb gradient_direction=\u00a0\u00bbleft_to_right\u00a0\u00bb overlay_strength=\u00a0\u00bb0.3&Prime; width=\u00a0\u00bb1\/1&Prime; tablet_width_inherit=\u00a0\u00bbdefault\u00a0\u00bb tablet_text_alignment=\u00a0\u00bbdefault\u00a0\u00bb phone_text_alignment=\u00a0\u00bbdefault\u00a0\u00bb column_border_width=\u00a0\u00bbnone\u00a0\u00bb column_border_style=\u00a0\u00bbsolid\u00a0\u00bb bg_image_animation=\u00a0\u00bbnone\u00a0\u00bb][divider line_type=\u00a0\u00bbNo Line\u00a0\u00bb custom_height=\u00a0\u00bb100&Prime;][vc_custom_heading text=\u00a0\u00bbSECTEURS\u00a0\u00bb font_container=\u00a0\u00bbtag:h1|font_size:34|text_align:right|color:%23ffffff\u00a0\u00bb use_theme_fonts=\u00a0\u00bbyes\u00a0\u00bb][\/vc_column][\/vc_row][vc_row type=\u00a0\u00bbfull_width_background\u00a0\u00bb full_screen_row_position=\u00a0\u00bbmiddle\u00a0\u00bb column_margin=\u00a0\u00bbdefault\u00a0\u00bb equal_height=\u00a0\u00bbyes\u00a0\u00bb content_placement=\u00a0\u00bbmiddle\u00a0\u00bb column_direction=\u00a0\u00bbdefault\u00a0\u00bb column_direction_tablet=\u00a0\u00bbdefault\u00a0\u00bb column_direction_phone=\u00a0\u00bbdefault\u00a0\u00bb bg_image=\u00a0\u00bb6338&Prime; bg_position=\u00a0\u00bbcenter center\u00a0\u00bb bg_repeat=\u00a0\u00bbno-repeat\u00a0\u00bb scene_position=\u00a0\u00bbcenter\u00a0\u00bb top_padding=\u00a0\u00bb3%\u00a0\u00bb bottom_padding=\u00a0\u00bb3%\u00a0\u00bb text_color=\u00a0\u00bblight\u00a0\u00bb text_align=\u00a0\u00bbleft\u00a0\u00bb row_border_radius=\u00a0\u00bbnone\u00a0\u00bb row_border_radius_applies=\u00a0\u00bbbg\u00a0\u00bb id=\u00a0\u00bbsteps\u00a0\u00bb row_name=\u00a0\u00bbSign Up Steps\u00a0\u00bb color_overlay=\u00a0\u00bb#0a0a0a\u00a0\u00bb overlay_strength=\u00a0\u00bb0.8&Prime; gradient_direction=\u00a0\u00bbleft_to_right\u00a0\u00bb shape_divider_position=\u00a0\u00bbbottom\u00a0\u00bb bg_image_animation=\u00a0\u00bbnone\u00a0\u00bb parallax_bg=\u00a0\u00bbtrue\u00a0\u00bb parallax_bg_speed=\u00a0\u00bbfast\u00a0\u00bb shape_type=\u00a0\u00bb\u00a0\u00bb][vc_column column_padding=\u00a0\u00bbpadding-2-percent\u00a0\u00bb column_padding_tablet=\u00a0\u00bbinherit\u00a0\u00bb column_padding_phone=\u00a0\u00bbinherit\u00a0\u00bb column_padding_position=\u00a0\u00bbtop-bottom\u00a0\u00bb background_color_opacity=\u00a0\u00bb1&Prime; background_hover_color_opacity=\u00a0\u00bb1&Prime; column_shadow=\u00a0\u00bbnone\u00a0\u00bb column_border_radius=\u00a0\u00bbnone\u00a0\u00bb column_link_target=\u00a0\u00bb_self\u00a0\u00bb gradient_direction=\u00a0\u00bbleft_to_right\u00a0\u00bb overlay_strength=\u00a0\u00bb0.3&Prime; width=\u00a0\u00bb1\/1&Prime; tablet_width_inherit=\u00a0\u00bbdefault\u00a0\u00bb tablet_text_alignment=\u00a0\u00bbdefault\u00a0\u00bb phone_text_alignment=\u00a0\u00bbdefault\u00a0\u00bb column_border_width=\u00a0\u00bbnone\u00a0\u00bb column_border_style=\u00a0\u00bbsolid\u00a0\u00bb bg_image_animation=\u00a0\u00bbnone\u00a0\u00bb offset=\u00a0\u00bbvc_col-xs-12&Prime;][nectar_icon_list color=\u00a0\u00bbdefault\u00a0\u00bb direction=\u00a0\u00bbhorizontal\u00a0\u00bb columns=\u00a0\u00bbdefault\u00a0\u00bb icon_size=\u00a0\u00bbmedium\u00a0\u00bb icon_style=\u00a0\u00bbno-border\u00a0\u00bb][nectar_icon_list_item icon_type=\u00a0\u00bbicon\u00a0\u00bb icon_family=\u00a0\u00bbiconsmind\u00a0\u00bb title=\u00a0\u00bbList Item\u00a0\u00bb id=\u00a0\u00bb1615539908103-5&Prime; header=\u00a0\u00bbM\u00c9DECINE ET SANT\u00c9\u00a0\u00bb text=\u00a0\u00bbH\u00f4pitaux, Cliniques, Centres de soins, Laboratoires, Centres de dialyse, Ambulatoires.\u00a0\u00bb icon_iconsmind=\u00a0\u00bbiconsmind-Heart\u00a0\u00bb tab_id=\u00a0\u00bb1615539908103-1&Prime;][vc_column_text][\/vc_column_text][\/nectar_icon_list_item][nectar_icon_list_item icon_type=\u00a0\u00bbicon\u00a0\u00bb icon_family=\u00a0\u00bbiconsmind\u00a0\u00bb title=\u00a0\u00bbList Item\u00a0\u00bb id=\u00a0\u00bb1615539908132-5&Prime; header=\u00a0\u00bb\u00c9NERGIE\u00a0\u00bb text=\u00a0\u00bb\u00c9lectrique, Thermique solaire, Biomasse, Biodiesel, Cycle combin\u00e9, Nucl\u00e9aire.\u00a0\u00bb icon_iconsmind=\u00a0\u00bbiconsmind-Green-Energy\u00a0\u00bb tab_id=\u00a0\u00bb1615539908132-1&Prime;][vc_column_text][\/vc_column_text][\/nectar_icon_list_item][nectar_icon_list_item icon_type=\u00a0\u00bbicon\u00a0\u00bb icon_family=\u00a0\u00bbiconsmind\u00a0\u00bb title=\u00a0\u00bbList Item\u00a0\u00bb id=\u00a0\u00bb1615539908151-0&Prime; header=\u00a0\u00bbING\u00c9NIERIE\u00a0\u00bb text=\u00a0\u00bbConstruction, Traitement de l&rsquo;eau, Conseil en environnement.\u00a0\u00bb icon_iconsmind=\u00a0\u00bbiconsmind-Gears\u00a0\u00bb tab_id=\u00a0\u00bb1615539908151-9&Prime;][vc_column_text][\/vc_column_text][\/nectar_icon_list_item][nectar_icon_list_item icon_type=\u00a0\u00bbicon\u00a0\u00bb icon_family=\u00a0\u00bbiconsmind\u00a0\u00bb title=\u00a0\u00bbList Item\u00a0\u00bb id=\u00a0\u00bb1615539908163-6&Prime; header=\u00a0\u00bbINDUSTRIE CHIMIQUE\u00a0\u00bb text=\u00a0\u00bbTextile, Chimie de base, Verre, Pharmaceutique, Papier, Peintures, P\u00e9trochimie, Plastique\u00a0\u00bb icon_iconsmind=\u00a0\u00bbiconsmind-Chemical\u00a0\u00bb tab_id=\u00a0\u00bb1615539908164-0&Prime;][vc_column_text][\/vc_column_text][\/nectar_icon_list_item][nectar_icon_list_item icon_type=\u00a0\u00bbicon\u00a0\u00bb icon_family=\u00a0\u00bbiconsmind\u00a0\u00bb title=\u00a0\u00bbList Item\u00a0\u00bb id=\u00a0\u00bb1615539908181-7&Prime; header=\u00a0\u00bbAGROALIMENTAIRE\u00a0\u00bb text=\u00a0\u00bbHuile, Huile d&rsquo;olive, Produits surgel\u00e9s, Abattoirs, Produits laitiers, Farine, Boissons, Conserves, Caves, Fruits et L\u00e9gumes.\u00a0\u00bb icon_iconsmind=\u00a0\u00bbiconsmind-Newsvine\u00a0\u00bb tab_id=\u00a0\u00bb1615539908182-6&Prime;][vc_column_text][\/vc_column_text][\/nectar_icon_list_item][nectar_icon_list_item icon_type=\u00a0\u00bbicon\u00a0\u00bb icon_family=\u00a0\u00bbiconsmind\u00a0\u00bb title=\u00a0\u00bbList Item\u00a0\u00bb id=\u00a0\u00bb1615539908199-6&Prime; header=\u00a0\u00bbM\u00c9TALLURGIE\u00a0\u00bb text=\u00a0\u00bbAci\u00e9ries, Mines, Hauts-fourneaux, Traitements de surface\u00a0\u00bb icon_iconsmind=\u00a0\u00bbiconsmind-Hammer\u00a0\u00bb tab_id=\u00a0\u00bb1615539908200-4&Prime;][vc_column_text][\/vc_column_text][\/nectar_icon_list_item][nectar_icon_list_item icon_type=\u00a0\u00bbicon\u00a0\u00bb icon_family=\u00a0\u00bbiconsmind\u00a0\u00bb title=\u00a0\u00bbList Item\u00a0\u00bb id=\u00a0\u00bb1615539908213-1&Prime; header=\u00a0\u00bbAUTRES\u00a0\u00bb text=\u00a0\u00bbA\u00e9ronautique, H\u00f4tellerie, Centres logistiques, Organismes publics, D\u00e9chetteries, Gestion des d\u00e9chets\u00a0\u00bb icon_iconsmind=\u00a0\u00bbiconsmind-Letter-Open\u00a0\u00bb tab_id=\u00a0\u00bb1615539908214-1&Prime;][vc_column_text][\/vc_column_text][\/nectar_icon_list_item][\/nectar_icon_list][vc_row_inner equal_height=\u00a0\u00bbyes\u00a0\u00bb content_placement=\u00a0\u00bbtop\u00a0\u00bb column_margin=\u00a0\u00bbdefault\u00a0\u00bb column_direction=\u00a0\u00bbdefault\u00a0\u00bb column_direction_tablet=\u00a0\u00bbdefault\u00a0\u00bb column_direction_phone=\u00a0\u00bbdefault\u00a0\u00bb text_align=\u00a0\u00bbleft\u00a0\u00bb][vc_column_inner column_padding=\u00a0\u00bbno-extra-padding\u00a0\u00bb column_padding_tablet=\u00a0\u00bbinherit\u00a0\u00bb column_padding_phone=\u00a0\u00bbinherit\u00a0\u00bb column_padding_position=\u00a0\u00bball\u00a0\u00bb top_margin=\u00a0\u00bb-20&Prime; background_color_opacity=\u00a0\u00bb1&Prime; background_hover_color_opacity=\u00a0\u00bb1&Prime; column_shadow=\u00a0\u00bbnone\u00a0\u00bb column_border_radius=\u00a0\u00bbnone\u00a0\u00bb column_link_target=\u00a0\u00bb_self\u00a0\u00bb gradient_direction=\u00a0\u00bbleft_to_right\u00a0\u00bb overlay_strength=\u00a0\u00bb0.3&Prime; width=\u00a0\u00bb1\/3&Prime; tablet_width_inherit=\u00a0\u00bbdefault\u00a0\u00bb column_border_width=\u00a0\u00bbnone\u00a0\u00bb column_border_style=\u00a0\u00bbsolid\u00a0\u00bb bg_image_animation=\u00a0\u00bbnone\u00a0\u00bb][vc_column_text css_animation=\u00a0\u00bbfadeInRightBig\u00a0\u00bb]<span style=\"color: #e3e3e3;\">La grande exp\u00e9rience de <span style=\"color: #0971ce;\"><strong>J. Huesa<\/strong><\/span> dans le secteur de l&rsquo;eau nous a permis, avec l&rsquo;exp\u00e9rience en RDI dans le secteur, de nous sp\u00e9cialiser dans le traitement de l&rsquo;eau ind\u00e9pendamment de son origine et de son usage final. En bref, nous offrons des solutions sur mesure pour le cycle int\u00e9gral de l&rsquo;eau en agissant sur les diff\u00e9rents domaines d&rsquo;action.\u00a0<\/span><span style=\"color: #e3e3e3;\">Ce d\u00e9veloppement se fait par la s\u00e9lection et l\u2019association des technologies les plus appropri\u00e9es, ce qui est effectu\u00e9 selon le secteur qui nous occupe et les probl\u00e8mes auxquels nous sommes confront\u00e9s.<br \/>\n<\/span>[\/vc_column_text][\/vc_column_inner][vc_column_inner column_padding=\u00a0\u00bbpadding-3-percent\u00a0\u00bb column_padding_tablet=\u00a0\u00bbinherit\u00a0\u00bb column_padding_phone=\u00a0\u00bbinherit\u00a0\u00bb column_padding_position=\u00a0\u00bball\u00a0\u00bb top_margin=\u00a0\u00bb-220&Prime; top_margin_phone=\u00a0\u00bb0&Prime; background_color_opacity=\u00a0\u00bb1&Prime; background_hover_color_opacity=\u00a0\u00bb1&Prime; column_shadow=\u00a0\u00bbnone\u00a0\u00bb column_border_radius=\u00a0\u00bbnone\u00a0\u00bb column_link_target=\u00a0\u00bb_self\u00a0\u00bb gradient_direction=\u00a0\u00bbleft_to_right\u00a0\u00bb overlay_strength=\u00a0\u00bb0.3&Prime; width=\u00a0\u00bb2\/3&Prime; tablet_width_inherit=\u00a0\u00bbdefault\u00a0\u00bb column_border_width=\u00a0\u00bbnone\u00a0\u00bb column_border_style=\u00a0\u00bbsolid\u00a0\u00bb bg_image_animation=\u00a0\u00bbnone\u00a0\u00bb][nectar_video_player_self_hosted video_mp4=\u00a0\u00bbhttps:\/\/jhuesa.com\/wp-content\/uploads\/2021\/03\/Sectores-en-frances.mp4&Prime; video_image=\u00a0\u00bb6495&Prime; hide_controls=\u00a0\u00bbyes\u00a0\u00bb loop=\u00a0\u00bbyes\u00a0\u00bb autoplay=\u00a0\u00bbyes\u00a0\u00bb border_radius=\u00a0\u00bb10px\u00a0\u00bb box_shadow=\u00a0\u00bbx_large_depth\u00a0\u00bb][\/vc_column_inner][\/vc_row_inner][\/vc_column][\/vc_row][vc_row type=\u00a0\u00bbfull_width_background\u00a0\u00bb full_screen_row_position=\u00a0\u00bbmiddle\u00a0\u00bb column_margin=\u00a0\u00bbdefault\u00a0\u00bb column_direction=\u00a0\u00bbdefault\u00a0\u00bb column_direction_tablet=\u00a0\u00bbdefault\u00a0\u00bb column_direction_phone=\u00a0\u00bbdefault\u00a0\u00bb bg_color=\u00a0\u00bb#ffffff\u00a0\u00bb scene_position=\u00a0\u00bbcenter\u00a0\u00bb top_padding=\u00a0\u00bb3%\u00a0\u00bb bottom_padding=\u00a0\u00bb3%\u00a0\u00bb text_color=\u00a0\u00bbdark\u00a0\u00bb text_align=\u00a0\u00bbleft\u00a0\u00bb row_border_radius=\u00a0\u00bbnone\u00a0\u00bb row_border_radius_applies=\u00a0\u00bbbg\u00a0\u00bb color_overlay=\u00a0\u00bb#e2e2e2&Prime; overlay_strength=\u00a0\u00bb0.3&Prime; gradient_direction=\u00a0\u00bbleft_to_right\u00a0\u00bb shape_divider_position=\u00a0\u00bbbottom\u00a0\u00bb bg_image_animation=\u00a0\u00bbnone\u00a0\u00bb shape_type=\u00a0\u00bbcurve_opacity\u00a0\u00bb][vc_column column_padding=\u00a0\u00bbno-extra-padding\u00a0\u00bb column_padding_tablet=\u00a0\u00bbinherit\u00a0\u00bb column_padding_phone=\u00a0\u00bbinherit\u00a0\u00bb column_padding_position=\u00a0\u00bball\u00a0\u00bb background_color_opacity=\u00a0\u00bb1&Prime; background_hover_color_opacity=\u00a0\u00bb1&Prime; column_shadow=\u00a0\u00bbnone\u00a0\u00bb column_border_radius=\u00a0\u00bbnone\u00a0\u00bb column_link_target=\u00a0\u00bb_self\u00a0\u00bb gradient_direction=\u00a0\u00bbleft_to_right\u00a0\u00bb overlay_strength=\u00a0\u00bb0.3&Prime; width=\u00a0\u00bb1\/1&Prime; tablet_width_inherit=\u00a0\u00bbdefault\u00a0\u00bb tablet_text_alignment=\u00a0\u00bbdefault\u00a0\u00bb phone_text_alignment=\u00a0\u00bbdefault\u00a0\u00bb column_border_width=\u00a0\u00bbnone\u00a0\u00bb column_border_style=\u00a0\u00bbsolid\u00a0\u00bb bg_image_animation=\u00a0\u00bbnone\u00a0\u00bb][vc_gallery type=\u00a0\u00bbimage_grid\u00a0\u00bb images=\u00a0\u00bb6316,6079,7080,7319,6734,6763,6820,6840&Prime; layout=\u00a0\u00bb4&Prime; item_spacing=\u00a0\u00bb1px\u00a0\u00bb gallery_style=\u00a0\u00bb7&Prime; load_in_animation=\u00a0\u00bbnone\u00a0\u00bb][\/vc_column][\/vc_row]\n","protected":false},"excerpt":{"rendered":"<p>[vc_row type=\u00a0\u00bbfull_width_background\u00a0\u00bb full_screen_row_position=\u00a0\u00bbmiddle\u00a0\u00bb column_margin=\u00a0\u00bbdefault\u00a0\u00bb column_direction=\u00a0\u00bbdefault\u00a0\u00bb column_direction_tablet=\u00a0\u00bbdefault\u00a0\u00bb column_direction_phone=\u00a0\u00bbdefault\u00a0\u00bb bg_color=\u00a0\u00bb#0971ce\u00a0\u00bb scene_position=\u00a0\u00bbcenter\u00a0\u00bb top_padding=\u00a0\u00bb7%\u00a0\u00bb bottom_padding=\u00a0\u00bb3%\u00a0\u00bb text_color=\u00a0\u00bblight\u00a0\u00bb text_align=\u00a0\u00bbleft\u00a0\u00bb row_border_radius=\u00a0\u00bbnone\u00a0\u00bb row_border_radius_applies=\u00a0\u00bbbg\u00a0\u00bb id=\u00a0\u00bbculture\u00a0\u00bb enable_gradient=\u00a0\u00bbtrue\u00a0\u00bb color_overlay=\u00a0\u00bb#0a0a0a\u00a0\u00bb color_overlay_2=\u00a0\u00bbrgba(10,10,10,0.8)\u00a0\u00bb overlay_strength=\u00a0\u00bb0.5&Prime; gradient_direction=\u00a0\u00bbtop_to_bottom\u00a0\u00bb shape_divider_position=\u00a0\u00bbbottom\u00a0\u00bb bg_image_animation=\u00a0\u00bbzoom-out-slow\u00a0\u00bb shape_type=\u00a0\u00bb\u00a0\u00bb][vc_column column_padding=\u00a0\u00bbno-extra-padding\u00a0\u00bb column_padding_tablet=\u00a0\u00bbinherit\u00a0\u00bb column_padding_phone=\u00a0\u00bbinherit\u00a0\u00bb column_padding_position=\u00a0\u00bbtop\u00a0\u00bb background_color_opacity=\u00a0\u00bb1&Prime; background_hover_color_opacity=\u00a0\u00bb1&Prime;&#8230;<\/p>\n","protected":false},"author":1,"featured_media":0,"parent":0,"menu_order":0,"comment_status":"closed","ping_status":"closed","template":"","meta":{"footnotes":""},"class_list":["post-12679","page","type-page","status-publish"],"yoast_head":"<!-- This site is optimized with the Yoast SEO Premium plugin v23.9 (Yoast SEO v27.3) - https:\/\/yoast.com\/product\/yoast-seo-premium-wordpress\/ -->\n<title>Secteurs - J. Huesa Water Technology - Tratamiento de aguas<\/title>\n<meta name=\"description\" content=\"Secteurs\" \/>\n<meta name=\"robots\" content=\"index, follow, max-snippet:-1, max-image-preview:large, max-video-preview:-1\" \/>\n<link rel=\"canonical\" href=\"https:\/\/jhuesa.com\/fr\/secteurs\" \/>\n<meta property=\"og:locale\" content=\"fr_FR\" \/>\n<meta property=\"og:type\" content=\"article\" \/>\n<meta property=\"og:title\" content=\"Secteurs\" \/>\n<meta property=\"og:description\" content=\"Secteurs\" \/>\n<meta property=\"og:url\" content=\"https:\/\/jhuesa.com\/fr\/secteurs\" \/>\n<meta property=\"og:site_name\" content=\"J. Huesa Water Technology - Tratamiento de aguas\" \/>\n<meta property=\"article:publisher\" content=\"https:\/\/www.facebook.com\/JHuesaSL\/\" \/>\n<meta property=\"article:modified_time\" content=\"2021-03-24T09:21:07+00:00\" \/>\n<meta name=\"twitter:card\" content=\"summary_large_image\" \/>\n<meta name=\"twitter:site\" content=\"@JHUESASL\" \/>\n<meta name=\"twitter:label1\" content=\"Dur\u00e9e de lecture estim\u00e9e\" \/>\n\t<meta name=\"twitter:data1\" content=\"2 minutes\" \/>\n<script type=\"application\/ld+json\" class=\"yoast-schema-graph\">{\"@context\":\"https:\\\/\\\/schema.org\",\"@graph\":[{\"@type\":\"WebPage\",\"@id\":\"https:\\\/\\\/jhuesa.com\\\/fr\\\/secteurs\",\"url\":\"https:\\\/\\\/jhuesa.com\\\/fr\\\/secteurs\",\"name\":\"Secteurs - J. Huesa Water Technology - Tratamiento de aguas\",\"isPartOf\":{\"@id\":\"https:\\\/\\\/jhuesa.com\\\/#website\"},\"datePublished\":\"2020-12-01T12:23:43+00:00\",\"dateModified\":\"2021-03-24T09:21:07+00:00\",\"description\":\"Secteurs\",\"breadcrumb\":{\"@id\":\"https:\\\/\\\/jhuesa.com\\\/fr\\\/secteurs#breadcrumb\"},\"inLanguage\":\"fr-FR\",\"potentialAction\":[{\"@type\":\"ReadAction\",\"target\":[\"https:\\\/\\\/jhuesa.com\\\/fr\\\/secteurs\"]}]},{\"@type\":\"BreadcrumbList\",\"@id\":\"https:\\\/\\\/jhuesa.com\\\/fr\\\/secteurs#breadcrumb\",\"itemListElement\":[{\"@type\":\"ListItem\",\"position\":1,\"name\":\"Portada\",\"item\":\"https:\\\/\\\/jhuesa.com\\\/fr\"},{\"@type\":\"ListItem\",\"position\":2,\"name\":\"Secteurs\"}]},{\"@type\":\"WebSite\",\"@id\":\"https:\\\/\\\/jhuesa.com\\\/#website\",\"url\":\"https:\\\/\\\/jhuesa.com\\\/\",\"name\":\"J. Huesa Water Technology - Tratamiento de aguas\",\"description\":\"Tratamiento de aguas\",\"publisher\":{\"@id\":\"https:\\\/\\\/jhuesa.com\\\/#organization\"},\"potentialAction\":[{\"@type\":\"SearchAction\",\"target\":{\"@type\":\"EntryPoint\",\"urlTemplate\":\"https:\\\/\\\/jhuesa.com\\\/?s={search_term_string}\"},\"query-input\":{\"@type\":\"PropertyValueSpecification\",\"valueRequired\":true,\"valueName\":\"search_term_string\"}}],\"inLanguage\":\"fr-FR\"},{\"@type\":\"Organization\",\"@id\":\"https:\\\/\\\/jhuesa.com\\\/#organization\",\"name\":\"Tratamiento de Aguas Jhuesa\",\"url\":\"https:\\\/\\\/jhuesa.com\\\/\",\"logo\":{\"@type\":\"ImageObject\",\"inLanguage\":\"fr-FR\",\"@id\":\"https:\\\/\\\/jhuesa.com\\\/#\\\/schema\\\/logo\\\/image\\\/\",\"url\":\"https:\\\/\\\/jhuesa.com\\\/wp-content\\\/uploads\\\/2020\\\/12\\\/logo-jhuesa.png\",\"contentUrl\":\"https:\\\/\\\/jhuesa.com\\\/wp-content\\\/uploads\\\/2020\\\/12\\\/logo-jhuesa.png\",\"width\":600,\"height\":181,\"caption\":\"Tratamiento de Aguas Jhuesa\"},\"image\":{\"@id\":\"https:\\\/\\\/jhuesa.com\\\/#\\\/schema\\\/logo\\\/image\\\/\"},\"sameAs\":[\"https:\\\/\\\/www.facebook.com\\\/JHuesaSL\\\/\",\"https:\\\/\\\/x.com\\\/JHUESASL\",\"https:\\\/\\\/www.linkedin.com\\\/company\\\/j--huesa-s-l-\\\/\",\"https:\\\/\\\/www.youtube.com\\\/channel\\\/UCVRBxPrFTP9apU70w80U9qQ\"]}]}<\/script>\n<!-- \/ Yoast SEO Premium plugin. -->","yoast_head_json":{"title":"Secteurs - J. Huesa Water Technology - Tratamiento de aguas","description":"Secteurs","robots":{"index":"index","follow":"follow","max-snippet":"max-snippet:-1","max-image-preview":"max-image-preview:large","max-video-preview":"max-video-preview:-1"},"canonical":"https:\/\/jhuesa.com\/fr\/secteurs","og_locale":"fr_FR","og_type":"article","og_title":"Secteurs","og_description":"Secteurs","og_url":"https:\/\/jhuesa.com\/fr\/secteurs","og_site_name":"J. Huesa Water Technology - Tratamiento de aguas","article_publisher":"https:\/\/www.facebook.com\/JHuesaSL\/","article_modified_time":"2021-03-24T09:21:07+00:00","twitter_card":"summary_large_image","twitter_site":"@JHUESASL","twitter_misc":{"Dur\u00e9e de lecture estim\u00e9e":"2 minutes"},"schema":{"@context":"https:\/\/schema.org","@graph":[{"@type":"WebPage","@id":"https:\/\/jhuesa.com\/fr\/secteurs","url":"https:\/\/jhuesa.com\/fr\/secteurs","name":"Secteurs - J. Huesa Water Technology - Tratamiento de aguas","isPartOf":{"@id":"https:\/\/jhuesa.com\/#website"},"datePublished":"2020-12-01T12:23:43+00:00","dateModified":"2021-03-24T09:21:07+00:00","description":"Secteurs","breadcrumb":{"@id":"https:\/\/jhuesa.com\/fr\/secteurs#breadcrumb"},"inLanguage":"fr-FR","potentialAction":[{"@type":"ReadAction","target":["https:\/\/jhuesa.com\/fr\/secteurs"]}]},{"@type":"BreadcrumbList","@id":"https:\/\/jhuesa.com\/fr\/secteurs#breadcrumb","itemListElement":[{"@type":"ListItem","position":1,"name":"Portada","item":"https:\/\/jhuesa.com\/fr"},{"@type":"ListItem","position":2,"name":"Secteurs"}]},{"@type":"WebSite","@id":"https:\/\/jhuesa.com\/#website","url":"https:\/\/jhuesa.com\/","name":"J. Huesa Water Technology - Tratamiento de aguas","description":"Tratamiento de aguas","publisher":{"@id":"https:\/\/jhuesa.com\/#organization"},"potentialAction":[{"@type":"SearchAction","target":{"@type":"EntryPoint","urlTemplate":"https:\/\/jhuesa.com\/?s={search_term_string}"},"query-input":{"@type":"PropertyValueSpecification","valueRequired":true,"valueName":"search_term_string"}}],"inLanguage":"fr-FR"},{"@type":"Organization","@id":"https:\/\/jhuesa.com\/#organization","name":"Tratamiento de Aguas Jhuesa","url":"https:\/\/jhuesa.com\/","logo":{"@type":"ImageObject","inLanguage":"fr-FR","@id":"https:\/\/jhuesa.com\/#\/schema\/logo\/image\/","url":"https:\/\/jhuesa.com\/wp-content\/uploads\/2020\/12\/logo-jhuesa.png","contentUrl":"https:\/\/jhuesa.com\/wp-content\/uploads\/2020\/12\/logo-jhuesa.png","width":600,"height":181,"caption":"Tratamiento de Aguas Jhuesa"},"image":{"@id":"https:\/\/jhuesa.com\/#\/schema\/logo\/image\/"},"sameAs":["https:\/\/www.facebook.com\/JHuesaSL\/","https:\/\/x.com\/JHUESASL","https:\/\/www.linkedin.com\/company\/j--huesa-s-l-\/","https:\/\/www.youtube.com\/channel\/UCVRBxPrFTP9apU70w80U9qQ"]}]}},"_links":{"self":[{"href":"https:\/\/jhuesa.com\/fr\/wp-json\/wp\/v2\/pages\/12679","targetHints":{"allow":["GET"]}}],"collection":[{"href":"https:\/\/jhuesa.com\/fr\/wp-json\/wp\/v2\/pages"}],"about":[{"href":"https:\/\/jhuesa.com\/fr\/wp-json\/wp\/v2\/types\/page"}],"author":[{"embeddable":true,"href":"https:\/\/jhuesa.com\/fr\/wp-json\/wp\/v2\/users\/1"}],"replies":[{"embeddable":true,"href":"https:\/\/jhuesa.com\/fr\/wp-json\/wp\/v2\/comments?post=12679"}],"version-history":[{"count":6,"href":"https:\/\/jhuesa.com\/fr\/wp-json\/wp\/v2\/pages\/12679\/revisions"}],"predecessor-version":[{"id":13814,"href":"https:\/\/jhuesa.com\/fr\/wp-json\/wp\/v2\/pages\/12679\/revisions\/13814"}],"wp:attachment":[{"href":"https:\/\/jhuesa.com\/fr\/wp-json\/wp\/v2\/media?parent=12679"}],"curies":[{"name":"wp","href":"https:\/\/api.w.org\/{rel}","templated":true}]}}