{"id":12627,"date":"2020-12-08T17:49:55","date_gmt":"2020-12-08T17:49:55","guid":{"rendered":"https:\/\/jhuesa.com\/activity\/i-d-i"},"modified":"2021-03-12T08:34:05","modified_gmt":"2021-03-12T08:34:05","slug":"rdi","status":"publish","type":"page","link":"https:\/\/jhuesa.com\/fr\/activite\/rdi","title":{"rendered":"RDI"},"content":{"rendered":"[vc_row type=\u00a0\u00bbfull_width_background\u00a0\u00bb full_screen_row_position=\u00a0\u00bbmiddle\u00a0\u00bb column_margin=\u00a0\u00bbdefault\u00a0\u00bb column_direction=\u00a0\u00bbdefault\u00a0\u00bb column_direction_tablet=\u00a0\u00bbdefault\u00a0\u00bb column_direction_phone=\u00a0\u00bbdefault\u00a0\u00bb bg_color=\u00a0\u00bb#2b2b2b\u00a0\u00bb video_bg=\u00a0\u00bbuse_video\u00a0\u00bb video_mp4=\u00a0\u00bbhttps:\/\/jhuesa.com\/wp-content\/uploads\/2021\/01\/Ultrafiltracion-contenerizada.mp4&Prime; scene_position=\u00a0\u00bbcenter\u00a0\u00bb top_padding=\u00a0\u00bb15%\u00a0\u00bb bottom_padding=\u00a0\u00bb4%\u00a0\u00bb text_color=\u00a0\u00bblight\u00a0\u00bb text_align=\u00a0\u00bbleft\u00a0\u00bb row_border_radius=\u00a0\u00bbnone\u00a0\u00bb row_border_radius_applies=\u00a0\u00bbbg\u00a0\u00bb id=\u00a0\u00bbculture\u00a0\u00bb enable_gradient=\u00a0\u00bbtrue\u00a0\u00bb color_overlay=\u00a0\u00bb#0a0a0a\u00a0\u00bb color_overlay_2=\u00a0\u00bbrgba(10,10,10,0.8)\u00a0\u00bb overlay_strength=\u00a0\u00bb0.5&Prime; gradient_direction=\u00a0\u00bbtop_to_bottom\u00a0\u00bb shape_divider_position=\u00a0\u00bbbottom\u00a0\u00bb bg_image_animation=\u00a0\u00bbzoom-out-slow\u00a0\u00bb shape_type=\u00a0\u00bb\u00a0\u00bb][vc_column column_padding=\u00a0\u00bbno-extra-padding\u00a0\u00bb column_padding_tablet=\u00a0\u00bbinherit\u00a0\u00bb column_padding_phone=\u00a0\u00bbinherit\u00a0\u00bb column_padding_position=\u00a0\u00bbtop\u00a0\u00bb background_color_opacity=\u00a0\u00bb1&Prime; background_hover_color_opacity=\u00a0\u00bb1&Prime; column_shadow=\u00a0\u00bbnone\u00a0\u00bb column_border_radius=\u00a0\u00bbnone\u00a0\u00bb column_link_target=\u00a0\u00bb_self\u00a0\u00bb gradient_direction=\u00a0\u00bbleft_to_right\u00a0\u00bb overlay_strength=\u00a0\u00bb0.3&Prime; width=\u00a0\u00bb1\/1&Prime; tablet_width_inherit=\u00a0\u00bbdefault\u00a0\u00bb tablet_text_alignment=\u00a0\u00bbdefault\u00a0\u00bb phone_text_alignment=\u00a0\u00bbdefault\u00a0\u00bb column_border_width=\u00a0\u00bbnone\u00a0\u00bb column_border_style=\u00a0\u00bbsolid\u00a0\u00bb bg_image_animation=\u00a0\u00bbnone\u00a0\u00bb][divider line_type=\u00a0\u00bbNo Line\u00a0\u00bb custom_height=\u00a0\u00bb100&Prime;][vc_custom_heading text=\u00a0\u00bbRDI\u00a0\u00bb font_container=\u00a0\u00bbtag:h1|font_size:34|text_align:right|color:%23ffffff\u00a0\u00bb use_theme_fonts=\u00a0\u00bbyes\u00a0\u00bb][\/vc_column][\/vc_row][vc_row type=\u00a0\u00bbfull_width_content\u00a0\u00bb full_screen_row_position=\u00a0\u00bbmiddle\u00a0\u00bb column_margin=\u00a0\u00bbdefault\u00a0\u00bb equal_height=\u00a0\u00bbyes\u00a0\u00bb content_placement=\u00a0\u00bbmiddle\u00a0\u00bb column_direction=\u00a0\u00bbdefault\u00a0\u00bb column_direction_tablet=\u00a0\u00bbdefault\u00a0\u00bb column_direction_phone=\u00a0\u00bbdefault\u00a0\u00bb bg_color=\u00a0\u00bb#ffffff\u00a0\u00bb scene_position=\u00a0\u00bbcenter\u00a0\u00bb text_color=\u00a0\u00bbdark\u00a0\u00bb text_align=\u00a0\u00bbleft\u00a0\u00bb row_border_radius=\u00a0\u00bbnone\u00a0\u00bb row_border_radius_applies=\u00a0\u00bbbg\u00a0\u00bb overlay_strength=\u00a0\u00bb0.3&Prime; gradient_direction=\u00a0\u00bbleft_to_right\u00a0\u00bb shape_divider_position=\u00a0\u00bbbottom\u00a0\u00bb bg_image_animation=\u00a0\u00bbfade-in\u00a0\u00bb shape_type=\u00a0\u00bb\u00a0\u00bb][vc_column column_padding=\u00a0\u00bbpadding-8-percent\u00a0\u00bb column_padding_tablet=\u00a0\u00bbinherit\u00a0\u00bb column_padding_phone=\u00a0\u00bbinherit\u00a0\u00bb column_padding_position=\u00a0\u00bball\u00a0\u00bb background_color=\u00a0\u00bb#ffffff\u00a0\u00bb background_color_opacity=\u00a0\u00bb1&Prime; background_hover_color_opacity=\u00a0\u00bb1&Prime; column_shadow=\u00a0\u00bbnone\u00a0\u00bb column_border_radius=\u00a0\u00bbnone\u00a0\u00bb column_link_target=\u00a0\u00bb_self\u00a0\u00bb enable_gradient=\u00a0\u00bbtrue\u00a0\u00bb color_overlay=\u00a0\u00bb#ffffff\u00a0\u00bb color_overlay_2=\u00a0\u00bb#efefef\u00a0\u00bb gradient_direction=\u00a0\u00bbleft_to_right\u00a0\u00bb overlay_strength=\u00a0\u00bb0.5&Prime; width=\u00a0\u00bb1\/2&Prime; tablet_width_inherit=\u00a0\u00bbdefault\u00a0\u00bb tablet_text_alignment=\u00a0\u00bbdefault\u00a0\u00bb phone_text_alignment=\u00a0\u00bbdefault\u00a0\u00bb column_border_width=\u00a0\u00bbnone\u00a0\u00bb column_border_style=\u00a0\u00bbsolid\u00a0\u00bb bg_image_animation=\u00a0\u00bbfade-in\u00a0\u00bb][vc_row_inner column_margin=\u00a0\u00bbdefault\u00a0\u00bb column_direction=\u00a0\u00bbdefault\u00a0\u00bb column_direction_tablet=\u00a0\u00bbdefault\u00a0\u00bb column_direction_phone=\u00a0\u00bbdefault\u00a0\u00bb text_align=\u00a0\u00bbleft\u00a0\u00bb][vc_column_inner column_padding=\u00a0\u00bbno-extra-padding\u00a0\u00bb column_padding_tablet=\u00a0\u00bbinherit\u00a0\u00bb column_padding_phone=\u00a0\u00bbinherit\u00a0\u00bb column_padding_position=\u00a0\u00bball\u00a0\u00bb background_color_opacity=\u00a0\u00bb1&Prime; background_hover_color_opacity=\u00a0\u00bb1&Prime; column_shadow=\u00a0\u00bbnone\u00a0\u00bb column_border_radius=\u00a0\u00bbnone\u00a0\u00bb column_link_target=\u00a0\u00bb_self\u00a0\u00bb gradient_direction=\u00a0\u00bbleft_to_right\u00a0\u00bb overlay_strength=\u00a0\u00bb0.3&Prime; width=\u00a0\u00bb1\/1&Prime; tablet_width_inherit=\u00a0\u00bbdefault\u00a0\u00bb column_border_width=\u00a0\u00bbnone\u00a0\u00bb column_border_style=\u00a0\u00bbsolid\u00a0\u00bb bg_image_animation=\u00a0\u00bbnone\u00a0\u00bb enable_animation=\u00a0\u00bbtrue\u00a0\u00bb animation=\u00a0\u00bbfade-in-from-bottom\u00a0\u00bb delay=\u00a0\u00bb150&Prime;][nectar_highlighted_text color_type=\u00a0\u00bbregular\u00a0\u00bb highlight_color=\u00a0\u00bb#b5e1fa\u00a0\u00bb text_color=\u00a0\u00bb#0971ce\u00a0\u00bb style=\u00a0\u00bbfull_text\u00a0\u00bb delay=\u00a0\u00bb150&Prime; custom_font_size=\u00a0\u00bb18&Prime;]<strong> RDI pour apporter de la valeur ajout\u00e9e et aider les entreprises<\/strong>[\/nectar_highlighted_text][divider line_type=\u00a0\u00bbNo Line\u00a0\u00bb custom_height=\u00a0\u00bb30&Prime;][vc_column_text css_animation=\u00a0\u00bbfadeInRightBig\u00a0\u00bb]Dans le cadre de son Plan Strat\u00e9gique, <span style=\"color: #0971ce;\"><b>J. Huesa<\/b><\/span>\u00a0d\u00e9finit comme l&rsquo;une de ses priorit\u00e9s le d\u00e9veloppement de projets de RDI dans le but d&rsquo;apporter une valeur ajout\u00e9e et d&rsquo;aider les entreprises en dirigeant l&rsquo;innovation et le d\u00e9veloppement technologique pr\u00e9servant l&rsquo;environnement.<\/p>\n<p>Cette d\u00e9cision correspond au pari s\u00e9rieux d&rsquo;\u00eatre \u00e0 la pointe des nouvelles technologies en termes de connaissance, de fonctionnement et d&rsquo;optimisation, dans le but d&rsquo;apporter une r\u00e9ponse compl\u00e8te au traitement de l&rsquo;eau du secteur industriel, en tenant compte des particularit\u00e9s sp\u00e9cifiques \u00e0 chaque projet et sous-secteur en particulier.<\/p>\n[\/vc_column_text][divider line_type=\u00a0\u00bbNo Line\u00a0\u00bb custom_height=\u00a0\u00bb30&Prime;][\/vc_column_inner][\/vc_row_inner][\/vc_column][vc_column column_padding=\u00a0\u00bbno-extra-padding\u00a0\u00bb column_padding_tablet=\u00a0\u00bbinherit\u00a0\u00bb column_padding_phone=\u00a0\u00bbinherit\u00a0\u00bb column_padding_position=\u00a0\u00bball\u00a0\u00bb background_color_opacity=\u00a0\u00bb1&Prime; background_hover_color_opacity=\u00a0\u00bb1&Prime; background_image=\u00a0\u00bb6529&Prime; background_image_position=\u00a0\u00bbcenter center\u00a0\u00bb enable_bg_scale=\u00a0\u00bbtrue\u00a0\u00bb column_shadow=\u00a0\u00bbnone\u00a0\u00bb column_border_radius=\u00a0\u00bbnone\u00a0\u00bb column_link_target=\u00a0\u00bb_self\u00a0\u00bb gradient_direction=\u00a0\u00bbleft_to_right\u00a0\u00bb overlay_strength=\u00a0\u00bb0.3&Prime; width=\u00a0\u00bb1\/2&Prime; tablet_width_inherit=\u00a0\u00bbdefault\u00a0\u00bb tablet_text_alignment=\u00a0\u00bbdefault\u00a0\u00bb phone_text_alignment=\u00a0\u00bbdefault\u00a0\u00bb column_border_width=\u00a0\u00bbnone\u00a0\u00bb column_border_style=\u00a0\u00bbsolid\u00a0\u00bb bg_image_animation=\u00a0\u00bbzoom-out\u00a0\u00bb][\/vc_column][\/vc_row][vc_row type=\u00a0\u00bbfull_width_content\u00a0\u00bb full_screen_row_position=\u00a0\u00bbmiddle\u00a0\u00bb column_margin=\u00a0\u00bbdefault\u00a0\u00bb equal_height=\u00a0\u00bbyes\u00a0\u00bb content_placement=\u00a0\u00bbmiddle\u00a0\u00bb column_direction=\u00a0\u00bbdefault\u00a0\u00bb column_direction_tablet=\u00a0\u00bbdefault\u00a0\u00bb column_direction_phone=\u00a0\u00bbdefault\u00a0\u00bb bg_color=\u00a0\u00bb#ffffff\u00a0\u00bb scene_position=\u00a0\u00bbcenter\u00a0\u00bb text_color=\u00a0\u00bbdark\u00a0\u00bb text_align=\u00a0\u00bbleft\u00a0\u00bb row_border_radius=\u00a0\u00bbnone\u00a0\u00bb row_border_radius_applies=\u00a0\u00bbbg\u00a0\u00bb overlay_strength=\u00a0\u00bb0.3&Prime; gradient_direction=\u00a0\u00bbleft_to_right\u00a0\u00bb shape_divider_position=\u00a0\u00bbbottom\u00a0\u00bb bg_image_animation=\u00a0\u00bbfade-in\u00a0\u00bb shape_type=\u00a0\u00bb\u00a0\u00bb][vc_column column_padding=\u00a0\u00bbno-extra-padding\u00a0\u00bb column_padding_tablet=\u00a0\u00bbinherit\u00a0\u00bb column_padding_phone=\u00a0\u00bbinherit\u00a0\u00bb column_padding_position=\u00a0\u00bball\u00a0\u00bb background_color_opacity=\u00a0\u00bb1&Prime; background_hover_color_opacity=\u00a0\u00bb1&Prime; background_image=\u00a0\u00bb6528&Prime; background_image_position=\u00a0\u00bbcenter center\u00a0\u00bb column_shadow=\u00a0\u00bbnone\u00a0\u00bb column_border_radius=\u00a0\u00bbnone\u00a0\u00bb column_link_target=\u00a0\u00bb_self\u00a0\u00bb color_overlay_2=\u00a0\u00bb#efefef\u00a0\u00bb gradient_direction=\u00a0\u00bbleft_to_right\u00a0\u00bb overlay_strength=\u00a0\u00bb0.5&Prime; width=\u00a0\u00bb1\/2&Prime; tablet_width_inherit=\u00a0\u00bbdefault\u00a0\u00bb tablet_text_alignment=\u00a0\u00bbdefault\u00a0\u00bb phone_text_alignment=\u00a0\u00bbdefault\u00a0\u00bb column_border_width=\u00a0\u00bbnone\u00a0\u00bb column_border_style=\u00a0\u00bbsolid\u00a0\u00bb bg_image_animation=\u00a0\u00bbnone\u00a0\u00bb][vc_row_inner column_margin=\u00a0\u00bbdefault\u00a0\u00bb column_direction=\u00a0\u00bbdefault\u00a0\u00bb column_direction_tablet=\u00a0\u00bbdefault\u00a0\u00bb column_direction_phone=\u00a0\u00bbdefault\u00a0\u00bb text_align=\u00a0\u00bbleft\u00a0\u00bb][vc_column_inner column_padding=\u00a0\u00bbno-extra-padding\u00a0\u00bb column_padding_tablet=\u00a0\u00bbinherit\u00a0\u00bb column_padding_phone=\u00a0\u00bbinherit\u00a0\u00bb column_padding_position=\u00a0\u00bball\u00a0\u00bb background_color_opacity=\u00a0\u00bb1&Prime; background_hover_color_opacity=\u00a0\u00bb1&Prime; column_shadow=\u00a0\u00bbnone\u00a0\u00bb column_border_radius=\u00a0\u00bbnone\u00a0\u00bb column_link_target=\u00a0\u00bb_self\u00a0\u00bb gradient_direction=\u00a0\u00bbleft_to_right\u00a0\u00bb overlay_strength=\u00a0\u00bb0.3&Prime; width=\u00a0\u00bb1\/1&Prime; tablet_width_inherit=\u00a0\u00bbdefault\u00a0\u00bb column_border_width=\u00a0\u00bbnone\u00a0\u00bb column_border_style=\u00a0\u00bbsolid\u00a0\u00bb bg_image_animation=\u00a0\u00bbnone\u00a0\u00bb enable_animation=\u00a0\u00bbtrue\u00a0\u00bb animation=\u00a0\u00bbfade-in-from-bottom\u00a0\u00bb][\/vc_column_inner][\/vc_row_inner][\/vc_column][vc_column column_padding=\u00a0\u00bbpadding-8-percent\u00a0\u00bb column_padding_tablet=\u00a0\u00bbinherit\u00a0\u00bb column_padding_phone=\u00a0\u00bbpadding-5-percent\u00a0\u00bb column_padding_position=\u00a0\u00bball\u00a0\u00bb background_color=\u00a0\u00bb#ffffff\u00a0\u00bb background_color_opacity=\u00a0\u00bb1&Prime; background_hover_color_opacity=\u00a0\u00bb1&Prime; column_shadow=\u00a0\u00bbnone\u00a0\u00bb column_border_radius=\u00a0\u00bbnone\u00a0\u00bb column_link_target=\u00a0\u00bb_self\u00a0\u00bb enable_gradient=\u00a0\u00bbtrue\u00a0\u00bb color_overlay=\u00a0\u00bb#ffffff\u00a0\u00bb color_overlay_2=\u00a0\u00bb#efefef\u00a0\u00bb gradient_direction=\u00a0\u00bbleft_to_right\u00a0\u00bb overlay_strength=\u00a0\u00bb0.3&Prime; width=\u00a0\u00bb1\/2&Prime; tablet_width_inherit=\u00a0\u00bbdefault\u00a0\u00bb tablet_text_alignment=\u00a0\u00bbdefault\u00a0\u00bb phone_text_alignment=\u00a0\u00bbdefault\u00a0\u00bb column_border_width=\u00a0\u00bbnone\u00a0\u00bb column_border_style=\u00a0\u00bbsolid\u00a0\u00bb bg_image_animation=\u00a0\u00bbnone\u00a0\u00bb][divider line_type=\u00a0\u00bbNo Line\u00a0\u00bb custom_height=\u00a0\u00bb40&Prime; custom_height_phone=\u00a0\u00bb20&Prime;][vc_column_text css_animation=\u00a0\u00bbfadeInDownBig\u00a0\u00bb]Le fait que <span style=\"color: #0971ce;\"><strong>J. Huesa<\/strong><\/span>\u00a0dispose de son propre laboratoire et d&rsquo;un personnel qualifi\u00e9 permet, en plus de sa conception et sa fabrication, l\u2019exploitation quotidienne de l&rsquo;usine ainsi que la prise d&rsquo;\u00e9chantillons et les analyses correspondants. Nous disposons des ressources n\u00e9cessaires afin d\u2019effectuer des pilotages en laboratoire et \u00e0 l&rsquo;\u00e9chelle semi-industrielle.[\/vc_column_text][divider line_type=\u00a0\u00bbNo Line\u00a0\u00bb custom_height=\u00a0\u00bb40&Prime; custom_height_phone=\u00a0\u00bb20&Prime;][vc_column_text css_animation=\u00a0\u00bbfadeInDownBig\u00a0\u00bb]Nous collaborons activement avec diff\u00e9rents organismes de recherche au niveau mondial en favorisant la recherche, la conception et la fabrication d&rsquo;usines pilotes, le d\u00e9veloppement de nouvelles technologies et de nouveaux proc\u00e9d\u00e9s et l&rsquo;optimisation des technologies et proc\u00e9d\u00e9s existants.[\/vc_column_text][divider line_type=\u00a0\u00bbNo Line\u00a0\u00bb custom_height=\u00a0\u00bb40&Prime; custom_height_phone=\u00a0\u00bb20&Prime;][\/vc_column][\/vc_row]\n","protected":false},"excerpt":{"rendered":"<p>[vc_row type=\u00a0\u00bbfull_width_background\u00a0\u00bb full_screen_row_position=\u00a0\u00bbmiddle\u00a0\u00bb column_margin=\u00a0\u00bbdefault\u00a0\u00bb column_direction=\u00a0\u00bbdefault\u00a0\u00bb column_direction_tablet=\u00a0\u00bbdefault\u00a0\u00bb column_direction_phone=\u00a0\u00bbdefault\u00a0\u00bb bg_color=\u00a0\u00bb#2b2b2b\u00a0\u00bb video_bg=\u00a0\u00bbuse_video\u00a0\u00bb video_mp4=\u00a0\u00bbhttps:\/\/jhuesa.com\/wp-content\/uploads\/2021\/01\/Ultrafiltracion-contenerizada.mp4&Prime; scene_position=\u00a0\u00bbcenter\u00a0\u00bb top_padding=\u00a0\u00bb15%\u00a0\u00bb bottom_padding=\u00a0\u00bb4%\u00a0\u00bb text_color=\u00a0\u00bblight\u00a0\u00bb text_align=\u00a0\u00bbleft\u00a0\u00bb row_border_radius=\u00a0\u00bbnone\u00a0\u00bb row_border_radius_applies=\u00a0\u00bbbg\u00a0\u00bb id=\u00a0\u00bbculture\u00a0\u00bb enable_gradient=\u00a0\u00bbtrue\u00a0\u00bb color_overlay=\u00a0\u00bb#0a0a0a\u00a0\u00bb color_overlay_2=\u00a0\u00bbrgba(10,10,10,0.8)\u00a0\u00bb overlay_strength=\u00a0\u00bb0.5&Prime; gradient_direction=\u00a0\u00bbtop_to_bottom\u00a0\u00bb shape_divider_position=\u00a0\u00bbbottom\u00a0\u00bb bg_image_animation=\u00a0\u00bbzoom-out-slow\u00a0\u00bb shape_type=\u00a0\u00bb\u00a0\u00bb][vc_column column_padding=\u00a0\u00bbno-extra-padding\u00a0\u00bb column_padding_tablet=\u00a0\u00bbinherit\u00a0\u00bb column_padding_phone=\u00a0\u00bbinherit\u00a0\u00bb column_padding_position=\u00a0\u00bbtop\u00a0\u00bb&#8230;<\/p>\n","protected":false},"author":1,"featured_media":0,"parent":12533,"menu_order":5,"comment_status":"closed","ping_status":"closed","template":"","meta":{"footnotes":""},"class_list":["post-12627","page","type-page","status-publish"],"yoast_head":"<!-- This site is optimized with the Yoast SEO Premium plugin v23.9 (Yoast SEO v27.3) - https:\/\/yoast.com\/product\/yoast-seo-premium-wordpress\/ -->\n<title>RDI - J. Huesa Water Technology - Tratamiento de aguas<\/title>\n<meta name=\"description\" content=\"RDI\" \/>\n<meta name=\"robots\" content=\"index, follow, max-snippet:-1, max-image-preview:large, max-video-preview:-1\" \/>\n<link rel=\"canonical\" href=\"https:\/\/jhuesa.com\/fr\/activite\/rdi\" \/>\n<meta property=\"og:locale\" content=\"fr_FR\" \/>\n<meta property=\"og:type\" content=\"article\" \/>\n<meta property=\"og:title\" content=\"RDI\" \/>\n<meta property=\"og:description\" content=\"RDI\" \/>\n<meta property=\"og:url\" content=\"https:\/\/jhuesa.com\/fr\/activite\/rdi\" \/>\n<meta property=\"og:site_name\" content=\"J. Huesa Water Technology - Tratamiento de aguas\" \/>\n<meta property=\"article:publisher\" content=\"https:\/\/www.facebook.com\/JHuesaSL\/\" \/>\n<meta property=\"article:modified_time\" content=\"2021-03-12T08:34:05+00:00\" \/>\n<meta name=\"twitter:card\" content=\"summary_large_image\" \/>\n<meta name=\"twitter:site\" content=\"@JHUESASL\" \/>\n<meta name=\"twitter:label1\" content=\"Dur\u00e9e de lecture estim\u00e9e\" \/>\n\t<meta name=\"twitter:data1\" content=\"2 minutes\" \/>\n<script type=\"application\/ld+json\" class=\"yoast-schema-graph\">{\"@context\":\"https:\\\/\\\/schema.org\",\"@graph\":[{\"@type\":\"WebPage\",\"@id\":\"https:\\\/\\\/jhuesa.com\\\/fr\\\/activite\\\/rdi\",\"url\":\"https:\\\/\\\/jhuesa.com\\\/fr\\\/activite\\\/rdi\",\"name\":\"RDI - J. Huesa Water Technology - Tratamiento de aguas\",\"isPartOf\":{\"@id\":\"https:\\\/\\\/jhuesa.com\\\/#website\"},\"datePublished\":\"2020-12-08T17:49:55+00:00\",\"dateModified\":\"2021-03-12T08:34:05+00:00\",\"description\":\"RDI\",\"breadcrumb\":{\"@id\":\"https:\\\/\\\/jhuesa.com\\\/fr\\\/activite\\\/rdi#breadcrumb\"},\"inLanguage\":\"fr-FR\",\"potentialAction\":[{\"@type\":\"ReadAction\",\"target\":[\"https:\\\/\\\/jhuesa.com\\\/fr\\\/activite\\\/rdi\"]}]},{\"@type\":\"BreadcrumbList\",\"@id\":\"https:\\\/\\\/jhuesa.com\\\/fr\\\/activite\\\/rdi#breadcrumb\",\"itemListElement\":[{\"@type\":\"ListItem\",\"position\":1,\"name\":\"Portada\",\"item\":\"https:\\\/\\\/jhuesa.com\\\/fr\"},{\"@type\":\"ListItem\",\"position\":2,\"name\":\"Activit\u00e9\",\"item\":\"https:\\\/\\\/jhuesa.com\\\/fr\\\/activite\"},{\"@type\":\"ListItem\",\"position\":3,\"name\":\"RDI\"}]},{\"@type\":\"WebSite\",\"@id\":\"https:\\\/\\\/jhuesa.com\\\/#website\",\"url\":\"https:\\\/\\\/jhuesa.com\\\/\",\"name\":\"J. Huesa Water Technology - Tratamiento de aguas\",\"description\":\"Tratamiento de aguas\",\"publisher\":{\"@id\":\"https:\\\/\\\/jhuesa.com\\\/#organization\"},\"potentialAction\":[{\"@type\":\"SearchAction\",\"target\":{\"@type\":\"EntryPoint\",\"urlTemplate\":\"https:\\\/\\\/jhuesa.com\\\/?s={search_term_string}\"},\"query-input\":{\"@type\":\"PropertyValueSpecification\",\"valueRequired\":true,\"valueName\":\"search_term_string\"}}],\"inLanguage\":\"fr-FR\"},{\"@type\":\"Organization\",\"@id\":\"https:\\\/\\\/jhuesa.com\\\/#organization\",\"name\":\"Tratamiento de Aguas Jhuesa\",\"url\":\"https:\\\/\\\/jhuesa.com\\\/\",\"logo\":{\"@type\":\"ImageObject\",\"inLanguage\":\"fr-FR\",\"@id\":\"https:\\\/\\\/jhuesa.com\\\/#\\\/schema\\\/logo\\\/image\\\/\",\"url\":\"https:\\\/\\\/jhuesa.com\\\/wp-content\\\/uploads\\\/2020\\\/12\\\/logo-jhuesa.png\",\"contentUrl\":\"https:\\\/\\\/jhuesa.com\\\/wp-content\\\/uploads\\\/2020\\\/12\\\/logo-jhuesa.png\",\"width\":600,\"height\":181,\"caption\":\"Tratamiento de Aguas Jhuesa\"},\"image\":{\"@id\":\"https:\\\/\\\/jhuesa.com\\\/#\\\/schema\\\/logo\\\/image\\\/\"},\"sameAs\":[\"https:\\\/\\\/www.facebook.com\\\/JHuesaSL\\\/\",\"https:\\\/\\\/x.com\\\/JHUESASL\",\"https:\\\/\\\/www.linkedin.com\\\/company\\\/j--huesa-s-l-\\\/\",\"https:\\\/\\\/www.youtube.com\\\/channel\\\/UCVRBxPrFTP9apU70w80U9qQ\"]}]}<\/script>\n<!-- \/ Yoast SEO Premium plugin. -->","yoast_head_json":{"title":"RDI - J. Huesa Water Technology - Tratamiento de aguas","description":"RDI","robots":{"index":"index","follow":"follow","max-snippet":"max-snippet:-1","max-image-preview":"max-image-preview:large","max-video-preview":"max-video-preview:-1"},"canonical":"https:\/\/jhuesa.com\/fr\/activite\/rdi","og_locale":"fr_FR","og_type":"article","og_title":"RDI","og_description":"RDI","og_url":"https:\/\/jhuesa.com\/fr\/activite\/rdi","og_site_name":"J. Huesa Water Technology - Tratamiento de aguas","article_publisher":"https:\/\/www.facebook.com\/JHuesaSL\/","article_modified_time":"2021-03-12T08:34:05+00:00","twitter_card":"summary_large_image","twitter_site":"@JHUESASL","twitter_misc":{"Dur\u00e9e de lecture estim\u00e9e":"2 minutes"},"schema":{"@context":"https:\/\/schema.org","@graph":[{"@type":"WebPage","@id":"https:\/\/jhuesa.com\/fr\/activite\/rdi","url":"https:\/\/jhuesa.com\/fr\/activite\/rdi","name":"RDI - J. Huesa Water Technology - Tratamiento de aguas","isPartOf":{"@id":"https:\/\/jhuesa.com\/#website"},"datePublished":"2020-12-08T17:49:55+00:00","dateModified":"2021-03-12T08:34:05+00:00","description":"RDI","breadcrumb":{"@id":"https:\/\/jhuesa.com\/fr\/activite\/rdi#breadcrumb"},"inLanguage":"fr-FR","potentialAction":[{"@type":"ReadAction","target":["https:\/\/jhuesa.com\/fr\/activite\/rdi"]}]},{"@type":"BreadcrumbList","@id":"https:\/\/jhuesa.com\/fr\/activite\/rdi#breadcrumb","itemListElement":[{"@type":"ListItem","position":1,"name":"Portada","item":"https:\/\/jhuesa.com\/fr"},{"@type":"ListItem","position":2,"name":"Activit\u00e9","item":"https:\/\/jhuesa.com\/fr\/activite"},{"@type":"ListItem","position":3,"name":"RDI"}]},{"@type":"WebSite","@id":"https:\/\/jhuesa.com\/#website","url":"https:\/\/jhuesa.com\/","name":"J. Huesa Water Technology - Tratamiento de aguas","description":"Tratamiento de aguas","publisher":{"@id":"https:\/\/jhuesa.com\/#organization"},"potentialAction":[{"@type":"SearchAction","target":{"@type":"EntryPoint","urlTemplate":"https:\/\/jhuesa.com\/?s={search_term_string}"},"query-input":{"@type":"PropertyValueSpecification","valueRequired":true,"valueName":"search_term_string"}}],"inLanguage":"fr-FR"},{"@type":"Organization","@id":"https:\/\/jhuesa.com\/#organization","name":"Tratamiento de Aguas Jhuesa","url":"https:\/\/jhuesa.com\/","logo":{"@type":"ImageObject","inLanguage":"fr-FR","@id":"https:\/\/jhuesa.com\/#\/schema\/logo\/image\/","url":"https:\/\/jhuesa.com\/wp-content\/uploads\/2020\/12\/logo-jhuesa.png","contentUrl":"https:\/\/jhuesa.com\/wp-content\/uploads\/2020\/12\/logo-jhuesa.png","width":600,"height":181,"caption":"Tratamiento de Aguas Jhuesa"},"image":{"@id":"https:\/\/jhuesa.com\/#\/schema\/logo\/image\/"},"sameAs":["https:\/\/www.facebook.com\/JHuesaSL\/","https:\/\/x.com\/JHUESASL","https:\/\/www.linkedin.com\/company\/j--huesa-s-l-\/","https:\/\/www.youtube.com\/channel\/UCVRBxPrFTP9apU70w80U9qQ"]}]}},"_links":{"self":[{"href":"https:\/\/jhuesa.com\/fr\/wp-json\/wp\/v2\/pages\/12627","targetHints":{"allow":["GET"]}}],"collection":[{"href":"https:\/\/jhuesa.com\/fr\/wp-json\/wp\/v2\/pages"}],"about":[{"href":"https:\/\/jhuesa.com\/fr\/wp-json\/wp\/v2\/types\/page"}],"author":[{"embeddable":true,"href":"https:\/\/jhuesa.com\/fr\/wp-json\/wp\/v2\/users\/1"}],"replies":[{"embeddable":true,"href":"https:\/\/jhuesa.com\/fr\/wp-json\/wp\/v2\/comments?post=12627"}],"version-history":[{"count":3,"href":"https:\/\/jhuesa.com\/fr\/wp-json\/wp\/v2\/pages\/12627\/revisions"}],"predecessor-version":[{"id":13220,"href":"https:\/\/jhuesa.com\/fr\/wp-json\/wp\/v2\/pages\/12627\/revisions\/13220"}],"up":[{"embeddable":true,"href":"https:\/\/jhuesa.com\/fr\/wp-json\/wp\/v2\/pages\/12533"}],"wp:attachment":[{"href":"https:\/\/jhuesa.com\/fr\/wp-json\/wp\/v2\/media?parent=12627"}],"curies":[{"name":"wp","href":"https:\/\/api.w.org\/{rel}","templated":true}]}}